{"id":77,"date":"2016-12-05T04:56:01","date_gmt":"2016-12-05T04:56:01","guid":{"rendered":"http:\/\/localhost\/buildpro\/?page_id=77"},"modified":"2022-02-04T15:14:58","modified_gmt":"2022-02-04T15:14:58","slug":"contact-us","status":"publish","type":"page","link":"https:\/\/rnc.rs\/en\/contact-us\/","title":{"rendered":"CONTACT US"},"content":{"rendered":"<section class=\"vc_rows wpb_row vc_row-fluid\"><div class=\"container\"><div class=\"row\"><div class=\"wpb_column vc_column_container vc_col-sm-12 vc_col-md-8\"><div class=\"vc_column-inner\"><div class=\"wpb_wrapper\"><div class=\"wpb_gmaps_widget wpb_content_element\"><div class=\"wpb_wrapper\"><div class=\"wpb_map_wraper\"><iframe src=\"https:\/\/www.google.com\/maps\/embed?pb=!1m18!1m12!1m3!1d2831.3074103569043!2d20.492079515369884!3d44.794923379098734!2m3!1f0!2f0!3f0!3m2!1i1024!2i768!4f13.1!3m3!1m2!1s0x475a707e416dc7e9%3A0xd4d1c8700051673c!2sDojranska%2013%2C%20Beograd!5e0!3m2!1sen!2srs!4v1643278045441!5m2!1sen!2srs\" width=\"600\" height=\"300\" style=\"border:0;\" allowfullscreen=\"\" loading=\"lazy\"><\/iframe><\/div><\/div><\/div><div class=\"vc_row wpb_row vc_inner vc_row-fluid\"><div class=\"wpb_column vc_column_container vc_col-sm-6\"><div class=\"vc_column-inner vc_custom_1643279845417\"><div class=\"wpb_wrapper\"><div class=\"vc_empty_space\"   style=\"height: 32px\"><span class=\"vc_empty_space_inner\"><\/span><\/div>\n\t<div class=\"wpb_text_column wpb_content_element\" >\n\t\t<div class=\"wpb_wrapper\">\n\t\t\t<p><strong>RNC d.o.o.<\/strong><\/p>\n<p><i class=\"fa fa-map\"><\/i> \u00a0Dojranska 13\/5<br \/>\n11000 Belgrade, Serbia<br \/>\n<i class=\"fa fa-phone\"><\/i>\u00a0\u00a00600972972<br \/>\n<i class=\"fa fa-envelope\"><\/i>\u00a0<a href=\"mailto:info@rnc.rs\">office@rnc.rs <\/a><br \/>\n<a href=\"https:\/\/rnc.rs\/en\/\">www.rnc.rs<\/a><\/p>\n\n\t\t<\/div>\n\t<\/div>\n<\/div><\/div><\/div><div class=\"wpb_column vc_column_container vc_col-sm-6\"><div class=\"vc_column-inner vc_custom_1643279606699\"><div class=\"wpb_wrapper\"><div class=\"vc_empty_space\"   style=\"height: 32px\"><span class=\"vc_empty_space_inner\"><\/span><\/div>\n\t<div class=\"wpb_text_column wpb_content_element\" >\n\t\t<div class=\"wpb_wrapper\">\n\t\t\t<p><strong>COMPANY INFORMATION<\/strong><\/p>\n<p>TIN: 111123372<br \/>\nCRN: 21429163<\/p>\n<p>Current account: 160-525568-10, Banca Intesa AD<\/p>\n\n\t\t<\/div>\n\t<\/div>\n<\/div><\/div><\/div><\/div><\/div><\/div><\/div><div class=\"wpb_column vc_column_container vc_col-sm-12 vc_col-md-4\"><div class=\"vc_column-inner\"><div class=\"wpb_wrapper\"><div role=\"form\" class=\"wpcf7\" id=\"wpcf7-f76-o1\" lang=\"en-US\" dir=\"ltr\">\n<div class=\"screen-reader-response\"><p role=\"status\" aria-live=\"polite\" aria-atomic=\"true\"><\/p> <ul><\/ul><\/div>\n<form action=\"\/en\/wp-json\/wp\/v2\/pages\/77#wpcf7-f76-o1\" method=\"post\" class=\"wpcf7-form init\" novalidate=\"novalidate\" data-status=\"init\" data-trp-original-action=\"\/en\/wp-json\/wp\/v2\/pages\/77#wpcf7-f76-o1\">\n<div style=\"display: none;\">\n<input type=\"hidden\" name=\"_wpcf7\" value=\"76\" \/>\n<input type=\"hidden\" name=\"_wpcf7_version\" value=\"5.5.4\" \/>\n<input type=\"hidden\" name=\"_wpcf7_locale\" value=\"en_US\" \/>\n<input type=\"hidden\" name=\"_wpcf7_unit_tag\" value=\"wpcf7-f76-o1\" \/>\n<input type=\"hidden\" name=\"_wpcf7_container_post\" value=\"0\" \/>\n<input type=\"hidden\" name=\"_wpcf7_posted_data_hash\" value=\"\" \/>\n<\/div>\n<div id='contact_form' class=\"padding30\" data-bgcolor=\"#f5f5f5\">\n<h3>Send us a message<span class=\"tiny-border\"><\/span><\/h3>\n<div class=\"row\">\n<div class=\"col-md-12\">\n<div id='name_error' class='error'>Upi\u0161ite va\u0161e ime.<\/div>\n<div>\n\t\t\t\t<span class=\"wpcf7-form-control-wrap your-name\"><input type=\"text\" name=\"your-name\" value=\"\" size=\"40\" class=\"wpcf7-form-control wpcf7-text wpcf7-validates-as-required form-control\" aria-required=\"true\" aria-invalid=\"false\" placeholder=\"Name\" \/><\/span>\n\t\t\t<\/div>\n<div>\n\t\t\t\t<span class=\"wpcf7-form-control-wrap your-email\"><input type=\"email\" name=\"your-email\" value=\"\" size=\"40\" class=\"wpcf7-form-control wpcf7-text wpcf7-email wpcf7-validates-as-required wpcf7-validates-as-email form-control\" aria-required=\"true\" aria-invalid=\"false\" placeholder=\"Email\" \/><\/span>\n\t\t\t<\/div>\n<div>\n\t\t\t\t<span class=\"wpcf7-form-control-wrap your-phone\"><input type=\"tel\" name=\"your-phone\" value=\"\" size=\"40\" class=\"wpcf7-form-control wpcf7-text wpcf7-tel wpcf7-validates-as-tel form-control\" aria-invalid=\"false\" placeholder=\"Phone\" \/><\/span>\n\t\t\t<\/div>\n<div>\n\t\t\t\t<span class=\"wpcf7-form-control-wrap your-message\"><textarea name=\"your-message\" cols=\"40\" rows=\"10\" class=\"wpcf7-form-control wpcf7-textarea wpcf7-validates-as-required form-control\" aria-required=\"true\" aria-invalid=\"false\" placeholder=\"Message\"><\/textarea><\/span>\n\t\t\t<\/div>\n<\/div>\n<div class=\"col-md-12\">\n<div id='submit'>\n\t\t\t\t<input type=\"submit\" value=\"Send\" class=\"wpcf7-form-control has-spinner wpcf7-submit btn btn-line\" \/>\n\t\t\t<\/div>\n<\/div>\n<\/div>\n<\/div>\n<div class=\"wpcf7-response-output\" aria-hidden=\"true\"><\/div><input type=\"hidden\" name=\"trp-form-language\" value=\"en\"\/><\/form><\/div><\/div><\/div><\/div><\/div><\/div><div class=\"clearfix\"><\/div><\/section>","protected":false},"excerpt":{"rendered":"RNC d.o.o. \u00a0Dojranska 13\/5 11000 Beograd, Srbija \u00a0\u00a00600972972 \u00a0office@rnc.rs www.rnc.rs PODACI O FIRMI PIB: 111123372 MB: 21429163 Tekuc\u0301i rac\u030cun: 160-525568-10, Banca Intesa AD Po\u0161aljite nam poruku Upi\u0161ite va\u0161e ime.","protected":false},"author":1,"featured_media":0,"parent":0,"menu_order":0,"comment_status":"closed","ping_status":"closed","template":"page-templates\/template-fullwidth.php","meta":[],"_links":{"self":[{"href":"https:\/\/rnc.rs\/en\/wp-json\/wp\/v2\/pages\/77"}],"collection":[{"href":"https:\/\/rnc.rs\/en\/wp-json\/wp\/v2\/pages"}],"about":[{"href":"https:\/\/rnc.rs\/en\/wp-json\/wp\/v2\/types\/page"}],"author":[{"embeddable":true,"href":"https:\/\/rnc.rs\/en\/wp-json\/wp\/v2\/users\/1"}],"replies":[{"embeddable":true,"href":"https:\/\/rnc.rs\/en\/wp-json\/wp\/v2\/comments?post=77"}],"version-history":[{"count":35,"href":"https:\/\/rnc.rs\/en\/wp-json\/wp\/v2\/pages\/77\/revisions"}],"predecessor-version":[{"id":1599,"href":"https:\/\/rnc.rs\/en\/wp-json\/wp\/v2\/pages\/77\/revisions\/1599"}],"wp:attachment":[{"href":"https:\/\/rnc.rs\/en\/wp-json\/wp\/v2\/media?parent=77"}],"curies":[{"name":"wp","href":"https:\/\/api.w.org\/{rel}","templated":true}]}}