{"id":656,"date":"2016-12-19T03:36:27","date_gmt":"2016-12-19T03:36:27","guid":{"rendered":"http:\/\/localhost\/buildpro\/?page_id=656"},"modified":"2016-12-19T03:36:27","modified_gmt":"2016-12-19T03:36:27","slug":"home-dark","status":"publish","type":"page","link":"https:\/\/rnc.rs\/en\/home-dark\/","title":{"rendered":"Home Dark"},"content":{"rendered":"<section data-stellar-background-ratio=\".2\" class=\"vc_rows wpb_row vc_row-fluid full-height vc_custom_1482118547118 vc_row-has-fill parallax\"><div class=\"container\"><div class=\"row\"><div class=\"wpb_column vc_column_container vc_col-sm-12\"><div class=\"vc_column-inner\"><div class=\"wpb_wrapper\">\n\t\t<div class=\"center-y fadeScroll text-center relative text-light\" data-scroll-speed=\"1\">\n        <div class=\"container\">\n            <div class=\"row\">\n                <div class=\"col-md-8 col-md-offset-2\">\n                    <div class=\"spacer-double\"><\/div>\n                                        <h1 class=\"big wow fadeInUp\" data-wow-delay=\".5s\">IT'S YOUR DREAM<\/h1>\n                    <br>\n                                                            <div class=\"h2_title wow fadeInUp\" data-wow-delay=\".8s\">\n                        <div class=\"text-slider id-color\">\n                        \t                            <span class=\"text-item\">We Are Constructing<\/span>\n                                                        <span class=\"text-item\">We Are Building<\/span>\n                                                        <span class=\"text-item\">We Are Planning<\/span>\n                                                    <\/div>\n                    <\/div>\n                    <div class=\"wow fadeInUp font13\" data-wow-delay=\"1.1s\">\n                        We are team based on Brookylin. Our expertise on construction. Sed ut perspiciatis unde omnis iste natus error sit voluptatem accusantium doloremque laudantium, totam rem aperiam, eaque ipsa quae ab illo inventore veritatis et quasi architecto beatae vitae dicta sunt explicabo.                    <\/div>\n\n                <\/div>\n            <\/div>\n        <\/div>\n    <\/div>\n    \n        <a href=\"#section-about\" class=\"scroll-to\">\n        <span class=\"mouse fadeScroll relative\" data-scroll-speed=\"2\">\n            <span class=\"scroll\"><\/span>\n        <\/span>\n    <\/a>\n        \t\n<\/div><\/div><\/div><\/div><\/div><div class=\"clearfix\"><\/div><\/section><section class=\"vc_rows wpb_row vc_row-fluid bg-color vc_custom_1481537983380\"><div class=\"container\"><div class=\"row\"><div class=\"wpb_column vc_column_container vc_col-sm-12\"><div class=\"vc_column-inner\"><div class=\"wpb_wrapper\">\n\t<div class=\"row call-to-action\">\n\t\t<div class=\"col-md-8\">\n\t        <h3 class=\"mt10\">Looking for best partner for your next construction works?<\/h3>\n\t    <\/div>\n\t    <div class=\"col-md-4 text-right\">\n\t    \t<a class=\"btn btn-line-black btn-fx\" href=\"http:\/\/demo.oceanthemes.net\/buildpro\/contact-us\/\" target=\"_self\">HIRE US NOW<\/a>\t    <\/div>\n    <\/div>\n\n<\/div><\/div><\/div><\/div><\/div><div class=\"clearfix\"><\/div><\/section><section id=\"section-about\" class=\"vc_rows wpb_row vc_row-fluid text-light vc_custom_1482118629475 vc_row-o-equal-height vc_row-o-content-middle vc_row-flex\"><div class=\"row\"><div class=\"wpb_column vc_column_container vc_col-sm-12 vc_col-md-4 vc_col-has-fill\"><div class=\"vc_column-inner vc_custom_1482478592122\"><div class=\"wpb_wrapper\">\n\t<div class=\"wpb_text_column wpb_content_element  vc_custom_1481538533551\" >\n\t\t<div class=\"wpb_wrapper\">\n\t\t\t\n\t\t<\/div>\n\t<\/div>\n<\/div><\/div><\/div><div class=\"wpb_column vc_column_container vc_col-sm-12 vc_col-md-4 vc_col-has-fill\"><div class=\"vc_column-inner vc_custom_1482118573505\"><div class=\"wpb_wrapper\">\n\t<div class=\"wpb_text_column wpb_content_element  padding60\" >\n\t\t<div class=\"wpb_wrapper\">\n\t\t\t<h2>Planning <span class=\"tiny-border\">x<\/span><\/h2>\n<p>For the successful execution of a project, effective planning is essential. Those involved with the design and execution of the infrastructure in question must consider zoning requirements.<\/p>\n\n\t\t<\/div>\n\t<\/div>\n<\/div><\/div><\/div><div class=\"wpb_column vc_column_container vc_col-sm-12 vc_col-md-4 vc_col-has-fill\"><div class=\"vc_column-inner vc_custom_1482478631575\"><div class=\"wpb_wrapper\">\n\t<div class=\"wpb_text_column wpb_content_element  vc_custom_1481538561107\" >\n\t\t<div class=\"wpb_wrapper\">\n\t\t\t\n\t\t<\/div>\n\t<\/div>\n<\/div><\/div><\/div><\/div><div class=\"clearfix\"><\/div><\/section><section class=\"vc_rows wpb_row vc_row-fluid text-light vc_custom_1482118650026 vc_row-o-equal-height vc_row-o-content-middle vc_row-flex\"><div class=\"row\"><div class=\"wpb_column vc_column_container vc_col-sm-12 vc_col-md-4 vc_col-has-fill\"><div class=\"vc_column-inner vc_custom_1482118580542\"><div class=\"wpb_wrapper\">\n\t<div class=\"wpb_text_column wpb_content_element  padding60\" >\n\t\t<div class=\"wpb_wrapper\">\n\t\t\t<h2>Constructing <span class=\"tiny-border\">x<\/span><\/h2>\n<p>For the successful execution of a project, effective planning is essential. Those involved with the design and execution of the infrastructure in question must consider zoning requirements.<\/p>\n\n\t\t<\/div>\n\t<\/div>\n<\/div><\/div><\/div><div class=\"wpb_column vc_column_container vc_col-sm-12 vc_col-md-4 vc_col-has-fill\"><div class=\"vc_column-inner vc_custom_1482478647927\"><div class=\"wpb_wrapper\">\n\t<div class=\"wpb_text_column wpb_content_element  vc_custom_1481538561107\" >\n\t\t<div class=\"wpb_wrapper\">\n\t\t\t\n\t\t<\/div>\n\t<\/div>\n<\/div><\/div><\/div><div class=\"wpb_column vc_column_container vc_col-sm-12 vc_col-md-4 vc_col-has-fill\"><div class=\"vc_column-inner vc_custom_1482118586078\"><div class=\"wpb_wrapper\">\n\t<div class=\"wpb_text_column wpb_content_element  padding60\" >\n\t\t<div class=\"wpb_wrapper\">\n\t\t\t<h2>Rebuilding <span class=\"tiny-border\">x<\/span><\/h2>\n<p>For the successful execution of a project, effective planning is essential. Those involved with the design and execution of the infrastructure in question must consider zoning requirements.<\/p>\n\n\t\t<\/div>\n\t<\/div>\n<\/div><\/div><\/div><\/div><div class=\"clearfix\"><\/div><\/section><section class=\"vc_rows wpb_row vc_row-fluid text-light vc_custom_1482118682301 vc_row-has-fill\"><div class=\"container\"><div class=\"row\"><div class=\"wpb_column vc_column_container vc_col-sm-3\"><div class=\"vc_column-inner\"><div class=\"wpb_wrapper\">\t\n\t<div class=\"de_count\">\n        <i class=\"icon_clock_alt id-color\" data-animation=\"fadeInDown\" data-delay=\"0\"><\/i>        <h3 class=\"timer\" data-to=\"8350\" data-speed=\"2500\">0<\/h3>\n        <span>Hours of Works<\/span>\n    <\/div>\n  \t\n<\/div><\/div><\/div><div class=\"wpb_column vc_column_container vc_col-sm-3\"><div class=\"vc_column-inner\"><div class=\"wpb_wrapper\">\t\n\t<div class=\"de_count\">\n        <i class=\"icon_documents_alt id-color\" data-animation=\"fadeInDown\" data-delay=\"0\"><\/i>        <h3 class=\"timer\" data-to=\"240\" data-speed=\"2500\">0<\/h3>\n        <span>Projects Complete<\/span>\n    <\/div>\n  \t\n<\/div><\/div><\/div><div class=\"wpb_column vc_column_container vc_col-sm-3\"><div class=\"vc_column-inner\"><div class=\"wpb_wrapper\">\t\n\t<div class=\"de_count\">\n        <i class=\"icon_comment_alt id-color\" data-animation=\"fadeInDown\" data-delay=\"0\"><\/i>        <h3 class=\"timer\" data-to=\"120\" data-speed=\"2500\">0<\/h3>\n        <span>Feedback Received<\/span>\n    <\/div>\n  \t\n<\/div><\/div><\/div><div class=\"wpb_column vc_column_container vc_col-sm-3\"><div class=\"vc_column-inner\"><div class=\"wpb_wrapper\">\t\n\t<div class=\"de_count\">\n        <i class=\"icon_globe id-color\" data-animation=\"fadeInDown\" data-delay=\"0\"><\/i>        <h3 class=\"timer\" data-to=\"20\" data-speed=\"2500\">0<\/h3>\n        <span>Awards Winning<\/span>\n    <\/div>\n  \t\n<\/div><\/div><\/div><\/div><\/div><div class=\"clearfix\"><\/div><\/section><section class=\"vc_rows wpb_row vc_row-fluid vc_custom_1481614324254 vc_row-o-equal-height vc_row-o-content-middle vc_row-flex\"><div class=\"row\"><div class=\"wpb_column vc_column_container vc_col-sm-12 vc_col-md-6 vc_col-has-fill\"><div class=\"vc_column-inner vc_custom_1482119119495\"><div class=\"wpb_wrapper\"><\/div><\/div><\/div><div class=\"padd60 wpb_column vc_column_container vc_col-sm-12 vc_col-md-6 vc_col-has-fill\"><div class=\"vc_column-inner vc_custom_1482119124580\"><div class=\"wpb_wrapper\">\n\t<div class=\"wpb_text_column wpb_content_element  vc_custom_1481617231954\" >\n\t\t<div class=\"wpb_wrapper\">\n\t\t\t<h2><span style=\"color: #ffffff;\">Our Skills <span class=\"tiny-border\">x<\/span><\/span><\/h2>\n\n\t\t<\/div>\n\t<\/div>\n\t\t<div class=\"skill-bar text-light\">\n        <h3>General Consulting<\/h3>\n        <div class=\"de-progress\">\n            <div class=\"progress-bar\" data-value=\"80%\">\n            <\/div>\n        <\/div>\n    <\/div>\n    \t<div class=\"skill-bar text-light\">\n        <h3> Construction Management<\/h3>\n        <div class=\"de-progress\">\n            <div class=\"progress-bar\" data-value=\"70%\">\n            <\/div>\n        <\/div>\n    <\/div>\n    \t<div class=\"skill-bar text-light\">\n        <h3>Design & Build<\/h3>\n        <div class=\"de-progress\">\n            <div class=\"progress-bar\" data-value=\"90%\">\n            <\/div>\n        <\/div>\n    <\/div>\n    \t<div class=\"skill-bar text-light\">\n        <h3>Special Projects<\/h3>\n        <div class=\"de-progress\">\n            <div class=\"progress-bar\" data-value=\"60%\">\n            <\/div>\n        <\/div>\n    <\/div>\n    \n<\/div><\/div><\/div><\/div><div class=\"clearfix\"><\/div><\/section><section data-stellar-background-ratio=\".2\" class=\"vc_rows wpb_row vc_row-fluid vc_custom_1481621232746 vc_row-has-fill parallax\"><div class=\"container\"><div class=\"row\"><div class=\"wpb_column vc_column_container vc_col-sm-12\"><div class=\"vc_column-inner\"><div class=\"wpb_wrapper\">\n\t<div class=\"wpb_text_column wpb_content_element  vc_custom_1481621422149\" >\n\t\t<div class=\"wpb_wrapper\">\n\t\t\t<h2><span style=\"color: #ffffff;\">Why Choose Us <span class=\"tiny-border\">x<\/span><\/span><\/h2>\n\n\t\t<\/div>\n\t<\/div>\n<\/div><\/div><\/div><div class=\"wpb_column vc_column_container vc_col-sm-12 vc_col-md-4\"><div class=\"vc_column-inner\"><div class=\"wpb_wrapper\">\n\t\t<div class=\"feature-box-small-icon text-light\">\n        <span class=\"icon\">\n        \t<i class=\"icon_box-checked id-color\"><\/i>\n        <\/span>\n        <div class=\"text\">\n            <h3>Professional Staff<\/h3>\n            Sed ut perspiciatis unde omnis iste natus error sit voluptatem accusantium doloremque laudantium.        <\/div>\n    <\/div>\n    \n<div class=\"vc_empty_space\"   style=\"height: 30px\"><span class=\"vc_empty_space_inner\"><\/span><\/div>\n\t\t<div class=\"feature-box-small-icon text-light\">\n        <span class=\"icon\">\n        \t<i class=\"icon_box-checked id-color\"><\/i>\n        <\/span>\n        <div class=\"text\">\n            <h3> On Time Completion<\/h3>\n            Sed ut perspiciatis unde omnis iste natus error sit voluptatem accusantium doloremque laudantium.        <\/div>\n    <\/div>\n    \n<\/div><\/div><\/div><div class=\"wpb_column vc_column_container vc_col-sm-12 vc_col-md-4\"><div class=\"vc_column-inner\"><div class=\"wpb_wrapper\">\n\t\t<div class=\"feature-box-small-icon text-light\">\n        <span class=\"icon\">\n        \t<i class=\"icon_box-checked id-color\"><\/i>\n        <\/span>\n        <div class=\"text\">\n            <h3>Save Time and Money<\/h3>\n            Sed ut perspiciatis unde omnis iste natus error sit voluptatem accusantium doloremque laudantium.        <\/div>\n    <\/div>\n    \n<div class=\"vc_empty_space\"   style=\"height: 30px\"><span class=\"vc_empty_space_inner\"><\/span><\/div>\n\t\t<div class=\"feature-box-small-icon text-light\">\n        <span class=\"icon\">\n        \t<i class=\"icon_box-checked id-color\"><\/i>\n        <\/span>\n        <div class=\"text\">\n            <h3>No Hidden Cost<\/h3>\n            Sed ut perspiciatis unde omnis iste natus error sit voluptatem accusantium doloremque laudantium.        <\/div>\n    <\/div>\n    \n<\/div><\/div><\/div><div class=\"wpb_column vc_column_container vc_col-sm-12 vc_col-md-4\"><div class=\"vc_column-inner\"><div class=\"wpb_wrapper\">\n\t\t<div class=\"feature-box-small-icon text-light\">\n        <span class=\"icon\">\n        \t<i class=\"icon_box-checked id-color\"><\/i>\n        <\/span>\n        <div class=\"text\">\n            <h3>Detailed Estimated<\/h3>\n            Sed ut perspiciatis unde omnis iste natus error sit voluptatem accusantium doloremque laudantium.        <\/div>\n    <\/div>\n    \n<div class=\"vc_empty_space\"   style=\"height: 30px\"><span class=\"vc_empty_space_inner\"><\/span><\/div>\n\t\t<div class=\"feature-box-small-icon text-light\">\n        <span class=\"icon\">\n        \t<i class=\"icon_box-checked id-color\"><\/i>\n        <\/span>\n        <div class=\"text\">\n            <h3>Zero Complaints<\/h3>\n            Sed ut perspiciatis unde omnis iste natus error sit voluptatem accusantium doloremque laudantium.        <\/div>\n    <\/div>\n    \n<\/div><\/div><\/div><\/div><\/div><div class=\"clearfix\"><\/div><\/section><section class=\"vc_rows wpb_row vc_row-fluid vc_custom_1481614324254 vc_row-o-equal-height vc_row-o-content-middle vc_row-flex\"><div class=\"row\"><div class=\"padd60 wpb_column vc_column_container vc_col-sm-12 vc_col-md-6 vc_col-has-fill\"><div class=\"vc_column-inner vc_custom_1482119136821\"><div class=\"wpb_wrapper\">\n\t<div class=\"wpb_text_column wpb_content_element  vc_custom_1481615018680\" >\n\t\t<div class=\"wpb_wrapper\">\n\t\t\t<h2><span style=\"color: #ffffff;\">Our History <span class=\"tiny-border\">x<\/span><\/span><\/h2>\n\n\t\t<\/div>\n\t<\/div>\n\t<div class=\"timeline text-light\">\n\t        <div class=\"tl-block wow fadeInUp\" data-wow-delay=\".0s\">\n            <div class=\"tl-time\">\n                <h3>2006<\/h3>\n            <\/div>\n            <div class=\"tl-bar\">\n                <div class=\"tl-line\"><\/div>\n            <\/div>\n            <div class=\"tl-message\">\n                <div class=\"tl-icon\">&nbsp;<\/div>\n                <div class=\"tl-main\">\n                    <h3>Beginning Our Services<\/h3>\n                    Lorem ipsum dolor sit amet, consectetur adipiscing elit, sed do eiusmod tempor incididunt ut labore et dolore magna aliqua. Ut enim ad minim veniam, quis nostrud exercitation ullamco laboris nisi ut aliquip ex ea commodo consequat.                <\/div>\n            <\/div>\n        <\/div>\n                <div class=\"tl-block wow fadeInUp\" data-wow-delay=\".1s\">\n            <div class=\"tl-time\">\n                <h3>2008<\/h3>\n            <\/div>\n            <div class=\"tl-bar\">\n                <div class=\"tl-line\"><\/div>\n            <\/div>\n            <div class=\"tl-message\">\n                <div class=\"tl-icon\">&nbsp;<\/div>\n                <div class=\"tl-main\">\n                    <h3>Offering More Services<\/h3>\n                    Lorem ipsum dolor sit amet, consectetur adipiscing elit, sed do eiusmod tempor incididunt ut labore et dolore magna aliqua. Ut enim ad minim veniam, quis nostrud exercitation ullamco laboris nisi ut aliquip ex ea commodo consequat.                <\/div>\n            <\/div>\n        <\/div>\n                <div class=\"tl-block wow fadeInUp\" data-wow-delay=\".2s\">\n            <div class=\"tl-time\">\n                <h3>2009<\/h3>\n            <\/div>\n            <div class=\"tl-bar\">\n                <div class=\"tl-line\"><\/div>\n            <\/div>\n            <div class=\"tl-message\">\n                <div class=\"tl-icon\">&nbsp;<\/div>\n                <div class=\"tl-main\">\n                    <h3>Opening Our First Branch Office<\/h3>\n                    Lorem ipsum dolor sit amet, consectetur adipiscing elit, sed do eiusmod tempor incididunt ut labore et dolore magna aliqua. Ut enim ad minim veniam, quis nostrud exercitation ullamco laboris nisi ut aliquip ex ea commodo consequat.                <\/div>\n            <\/div>\n        <\/div>\n            <\/div>\n\n<div class=\"vc_empty_space\"   style=\"height: 30px\"><span class=\"vc_empty_space_inner\"><\/span><\/div>\n    <a class=\"btn btn-fx btn-line-white pull-right\" href=\"http:\/\/localhost\/buildpro\/history\/\" target=\"_self\">Read More<\/a>  \t\n<div class=\"vc_empty_space  clear\"   style=\"height: 30px\"><span class=\"vc_empty_space_inner\"><\/span><\/div><\/div><\/div><\/div><div class=\"wpb_column vc_column_container vc_col-sm-12 vc_col-md-6 vc_col-has-fill\"><div class=\"vc_column-inner vc_custom_1482119131278\"><div class=\"wpb_wrapper\"><\/div><\/div><\/div><\/div><div class=\"clearfix\"><\/div><\/section><section class=\"vc_rows wpb_row vc_row-fluid text-light vc_custom_1482119557551 vc_row-has-fill\"><div class=\"container\"><div class=\"row\"><div class=\"wpb_column vc_column_container vc_col-sm-12\"><div class=\"vc_column-inner\"><div class=\"wpb_wrapper\">\n\t<div class=\"wpb_text_column wpb_content_element\" >\n\t\t<div class=\"wpb_wrapper\">\n\t\t\t<h2>Recent Works <span class=\"tiny-border\">x<\/span><\/h2>\n\n\t\t<\/div>\n\t<\/div>\n\n\t\t<div class=\"container project-filter\">\n\n        <!-- portfolio filter begin -->\n        <div class=\"row\">\n        \t            <div class=\"col-md-12\">\n                <ul id=\"filters\">\n                \t\t\t\t      \t<li><a href=\"#\" data-filter=\".konstrukcije\">Constructions<\/a><\/li>\n\t\t\t    \t\t\t\t      \t<li><a href=\"#\" data-filter=\".poslovni_prostori\">Business spaces<\/a><\/li>\n\t\t\t    \t                    <li class=\"pull-right\"><a href=\"#\" data-filter=\"*\" class=\"selected\">All Projects<\/a><\/li>\n                <\/ul>\n            <\/div>\n                    <\/div>\n        <!-- portfolio filter close -->\n\n    <\/div>\n    \n\t<div id=\"gallery\" class=\"gallery full-gallery de-gallery pf_full_width pf_3_cols gallery_border\">\n\n                <div class=\"item poslovni_prostori\">\n            <div class=\"picframe\">\n            \t                <a href=\"https:\/\/rnc.rs\/en\/portfolio\/air-srbija\/\">\n                                    <span class=\"overlay\">\n                        <span class=\"pf_text\">\n                            <span class=\"project-name\">AIR SERBIA \u2013 premium Lounge, Belegrade<\/span>\n                        <\/span>\n                    <\/span>\n                <\/a>\n                <img src=\"https:\/\/rnc.rs\/wp-content\/uploads\/2016\/12\/Air-Serbia-Premium-Class-Lounge-Review-14.jpg\" alt=\"\" \/>\n            <\/div>\n        <\/div>\n                <div class=\"item konstrukcije\">\n            <div class=\"picframe\">\n            \t                <a href=\"https:\/\/rnc.rs\/en\/portfolio\/airport-city\/\">\n                                    <span class=\"overlay\">\n                        <span class=\"pf_text\">\n                            <span class=\"project-name\">AIRPORT CITY, Belgrade<\/span>\n                        <\/span>\n                    <\/span>\n                <\/a>\n                <img src=\"https:\/\/rnc.rs\/wp-content\/uploads\/2016\/12\/airport-city-objekat-2100-novi-beograd-srbija-2.jpg\" alt=\"\" \/>\n            <\/div>\n        <\/div>\n                <div class=\"item poslovni_prostori\">\n            <div class=\"picframe\">\n            \t                <a href=\"https:\/\/rnc.rs\/en\/portfolio\/beauty-centar-vtmn-beograd\/\">\n                                    <span class=\"overlay\">\n                        <span class=\"pf_text\">\n                            <span class=\"project-name\">Beauty Centar VTMN \u2013 Belgrade<\/span>\n                        <\/span>\n                    <\/span>\n                <\/a>\n                <img src=\"https:\/\/rnc.rs\/wp-content\/uploads\/2016\/12\/VTMN-salon-full-res-preview-10-2.jpg\" alt=\"\" \/>\n            <\/div>\n        <\/div>\n                <div class=\"item poslovni_prostori\">\n            <div class=\"picframe\">\n            \t                <a href=\"https:\/\/rnc.rs\/en\/portfolio\/business-park-korneuburg-austria\/\">\n                                    <span class=\"overlay\">\n                        <span class=\"pf_text\">\n                            <span class=\"project-name\">Business Park  &#8211; Korneuburg, Austria<\/span>\n                        <\/span>\n                    <\/span>\n                <\/a>\n                <img src=\"https:\/\/rnc.rs\/wp-content\/uploads\/2016\/12\/tempos-k01-office-tomorrow-34.jpg\" alt=\"\" \/>\n            <\/div>\n        <\/div>\n                <div class=\"item konstrukcije\">\n            <div class=\"picframe\">\n            \t                <a href=\"https:\/\/rnc.rs\/en\/portfolio\/construction-works-ulaanbaatar\/\">\n                                    <span class=\"overlay\">\n                        <span class=\"pf_text\">\n                            <span class=\"project-name\">Construction Works &#8211; Ulaanbaatar, Mongolia<\/span>\n                        <\/span>\n                    <\/span>\n                <\/a>\n                <img src=\"https:\/\/rnc.rs\/wp-content\/uploads\/2016\/12\/IMG_6896.jpg\" alt=\"\" \/>\n            <\/div>\n        <\/div>\n                <div class=\"item poslovni_prostori\">\n            <div class=\"picframe\">\n            \t                <a href=\"https:\/\/rnc.rs\/en\/portfolio\/poslovni-prostor-cestra\/\">\n                                    <span class=\"overlay\">\n                        <span class=\"pf_text\">\n                            <span class=\"project-name\">Business space CESTRA \u2013 Belgrade<\/span>\n                        <\/span>\n                    <\/span>\n                <\/a>\n                <img src=\"https:\/\/rnc.rs\/wp-content\/uploads\/2016\/12\/AVV_7344.jpg\" alt=\"\" \/>\n            <\/div>\n        <\/div>\n        \n    <\/div>\n\n        <style type=\"text\/css\">\n\t    .pf_full_width.gallery_border .picframe,\n\t    .gallery_border{\n\t    \tmargin: 15px;\n\t    }\n\t    .gallery_border{\n\t    \tmargin-top: -15px;\n\t    }\n\t    .container .gallery_border{\n\t    \tmargin-left: -15px;;\n\t    \tmargin-right: -15px;;\n\t    }\n    <\/style>\n    \n<\/div><\/div><\/div><\/div><\/div><div class=\"clearfix\"><\/div><\/section><section data-stellar-background-ratio=\".2\" class=\"vc_rows wpb_row vc_row-fluid vc_custom_1482119616824 vc_row-has-fill parallax\"><div class=\"container\"><div class=\"row\"><div class=\"text-light wpb_column vc_column_container vc_col-sm-12 vc_col-md-6\"><div class=\"vc_column-inner\"><div class=\"wpb_wrapper\">\n\t<div class=\"wpb_text_column wpb_content_element  vc_custom_1481860683778\" >\n\t\t<div class=\"wpb_wrapper\">\n\t\t\t<h2><span style=\"color: #ffffff;\">What They Says <span class=\"tiny-border\">x<\/span><\/span><\/h2>\n\n\t\t<\/div>\n\t<\/div>\n\n\t<div class=\"testimonial-list wow fadeIn text-light\" data-wow-delay=\".25s\">\n\t\t        <div class=\"testi-item\">\n        \tThey were so friendly and it was pleasure to get my tasks done. I'm very happy with services their provided. I will recommend this company to my family and friends. Their works is professional and their pricing was competitive.\t\t\t<span>Alex, Customer<\/span>\n        <\/div>\n                <div class=\"testi-item\">\n        \tA wonderful works, Thank you! The best construction company in town as it proved by quality of works and services. Their services make my feel so special. I always enjoy coming here, i would definitely return for future projects.\t\t\t<span>Ben, Customer<\/span>\n        <\/div>\n            <\/div>\n\n<\/div><\/div><\/div><div class=\"wpb_column vc_column_container vc_col-sm-12 vc_col-md-6\"><div class=\"vc_column-inner\"><div class=\"wpb_wrapper\">\n\t<div class=\"wpb_text_column wpb_content_element  vc_custom_1482119597239\" >\n\t\t<div class=\"wpb_wrapper\">\n\t\t\t<h2><span style=\"color: #ffffff;\">Introduction <span class=\"tiny-border\">x<\/span><\/span><\/h2>\n\n\t\t<\/div>\n\t<\/div>\n\t<figure class=\"pic-hover hover-scale\">\n        <span class=\"center-xy\">\n            <a class=\"popup-vimeo\" href=\"https:\/\/www.youtube.com\/watch?v=rwvmru5JmXk\">\n                <i class=\"fa fa-play btn-play btn-action\"><\/i>\n            <\/a>\n        <\/span>\n        <span class=\"bg-overlay\"><\/span>\n        <img src=\"https:\/\/rnc.rs\/wp-content\/uploads\/2016\/12\/pic_9-1.jpg\" class=\"img-responsive\" alt=\"\">\n    <\/figure>\n\n<\/div><\/div><\/div><\/div><\/div><div class=\"clearfix\"><\/div><\/section>","protected":false},"excerpt":{"rendered":"Detalji Projekta Klijent:Cestra DOO, Beogard Godina Izgradnje:2018 Kategorija:Adaptacija Prostora Poslovni Prostor Cestra \u2013 Beograd Izvo\u0111enje elektro instalacija, instalacija vodovoda i kanalizacije, instalacije grejanja i hla\u0111enja, zidarski radovi, gipsarski radovi, molerski radovi, podopolaga\u010dki radovi, stolarki radovi, bravarski radovi","protected":false},"author":1,"featured_media":0,"parent":0,"menu_order":0,"comment_status":"closed","ping_status":"closed","template":"page-templates\/template-canvas.php","meta":[],"_links":{"self":[{"href":"https:\/\/rnc.rs\/en\/wp-json\/wp\/v2\/pages\/656"}],"collection":[{"href":"https:\/\/rnc.rs\/en\/wp-json\/wp\/v2\/pages"}],"about":[{"href":"https:\/\/rnc.rs\/en\/wp-json\/wp\/v2\/types\/page"}],"author":[{"embeddable":true,"href":"https:\/\/rnc.rs\/en\/wp-json\/wp\/v2\/users\/1"}],"replies":[{"embeddable":true,"href":"https:\/\/rnc.rs\/en\/wp-json\/wp\/v2\/comments?post=656"}],"version-history":[{"count":0,"href":"https:\/\/rnc.rs\/en\/wp-json\/wp\/v2\/pages\/656\/revisions"}],"wp:attachment":[{"href":"https:\/\/rnc.rs\/en\/wp-json\/wp\/v2\/media?parent=656"}],"curies":[{"name":"wp","href":"https:\/\/api.w.org\/{rel}","templated":true}]}}