{"id":558,"date":"2016-12-16T03:34:53","date_gmt":"2016-12-16T03:34:53","guid":{"rendered":"http:\/\/localhost\/buildpro\/?page_id=558"},"modified":"2024-12-19T11:18:54","modified_gmt":"2024-12-19T11:18:54","slug":"home-6","status":"publish","type":"page","link":"https:\/\/rnc.rs\/en\/","title":{"rendered":"Home 6"},"content":{"rendered":"<section data-stellar-background-ratio=\".2\" class=\"vc_rows wpb_row vc_row-fluid vc_custom_1643906485947 parallax\"><div class=\"row\"><div class=\"wpb_column vc_column_container vc_col-sm-12 vc_col-has-fill\"><div class=\"vc_column-inner vc_custom_1646731613726\"><div class=\"wpb_wrapper\"><div class=\"wpb_revslider_element wpb_content_element\">\n\t\t\t<!-- START Home 6 REVOLUTION SLIDER 6.5.12 --><p class=\"rs-p-wp-fix\"><\/p>\n\t\t\t<rs-module-wrap id=\"rev_slider_4_1_wrapper\" data-source=\"gallery\" style=\"visibility:hidden;background:transparent;padding:0;margin:0px auto;margin-top:0;margin-bottom:0;\">\n\t\t\t\t<rs-module id=\"rev_slider_4_1\" style=\"\" data-version=\"6.5.12\">\n\t\t\t\t\t<rs-slides>\n\t\t\t\t\t\t<rs-slide style=\"position: absolute;\" data-key=\"rs-11\" data-title=\"Slide\" data-thumb=\"\/\/rnc.rs\/wp-content\/uploads\/2016\/12\/wide15-100x50.jpg\" data-in=\"o:0;\" data-out=\"a:false;\">\n\t\t\t\t\t\t\t<img src=\"\/\/rnc.rs\/wp-content\/plugins\/revslider\/public\/assets\/assets\/dummy.png\" alt=\"\" title=\"Home 6\" class=\"rev-slidebg tp-rs-img rs-lazyload\" data-lazyload=\"\/\/rnc.rs\/wp-content\/uploads\/2016\/12\/wide15.jpg\" data-parallax=\"10\" data-no-retina>\n<!--\n\t\t\t\t\t\t\t--><rs-layer\n\t\t\t\t\t\t\t\tid=\"slider-4-slide-11-layer-1\" \n\t\t\t\t\t\t\t\tdata-type=\"text\"\n\t\t\t\t\t\t\t\tdata-color=\"rgba(255,255,255,1)\"\n\t\t\t\t\t\t\t\tdata-rsp_ch=\"on\"\n\t\t\t\t\t\t\t\tdata-xy=\"xo:0,30px,30px,28px;yo:284px,269px,270px,128px;\"\n\t\t\t\t\t\t\t\tdata-text=\"s:64,64,40,35;l:22,22,22,35;fw:700;a:inherit;\"\n\t\t\t\t\t\t\t\tdata-frame_0=\"x:50px,50px,50px,59px;\"\n\t\t\t\t\t\t\t\tdata-frame_1=\"x:0,0,0,0px;y:0,0,0,0px;e:power3.out;st:700;sp:1000;sR:700;\"\n\t\t\t\t\t\t\t\tdata-frame_999=\"x:-10px,-10px,-10px,-11px;z:0px;o:0;st:7250;sp:800;sR:5550;\"\n\t\t\t\t\t\t\t\tstyle=\"z-index:5;font-family:'Montserrat';\"\n\t\t\t\t\t\t\t>Experience and Quality<span class=\"id-color\">.<\/span> \n\t\t\t\t\t\t\t<\/rs-layer><!--\n\n\t\t\t\t\t\t\t--><rs-layer\n\t\t\t\t\t\t\t\tid=\"slider-4-slide-11-layer-2\" \n\t\t\t\t\t\t\t\tdata-type=\"text\"\n\t\t\t\t\t\t\t\tdata-color=\"rgba(255,255,255,1)\"\n\t\t\t\t\t\t\t\tdata-rsp_ch=\"on\"\n\t\t\t\t\t\t\t\tdata-xy=\"xo:0,30px,30px,29px;yo:330px,331px,320px,164px;\"\n\t\t\t\t\t\t\t\tdata-text=\"w:nowrap,nowrap,nowrap,normal;s:14,14,14,12;l:20,20,20,16;a:inherit;\"\n\t\t\t\t\t\t\t\tdata-dim=\"w:auto,auto,auto,458px;\"\n\t\t\t\t\t\t\t\tdata-frame_0=\"y:100px;\"\n\t\t\t\t\t\t\t\tdata-frame_1=\"e:power3.out;st:1100;sp:500;sR:1100;\"\n\t\t\t\t\t\t\t\tdata-frame_999=\"x:-10px;z:0px;o:0;st:7570;sR:5970;\"\n\t\t\t\t\t\t\t\tstyle=\"z-index:6;font-family:'Open Sans';\"\n\t\t\t\t\t\t\t>The vast experience gained on previous projects is what makes <br>RNC an ideal partner that keeps to a schedule \n\t\t\t\t\t\t\t<\/rs-layer><!--\n\n\t\t\t\t\t\t\t--><a\n\t\t\t\t\t\t\t\tid=\"slider-4-slide-11-layer-3\" \n\t\t\t\t\t\t\t\tclass=\"rs-layer letter3 rev-btn\"\n\t\t\t\t\t\t\t\thref=\"https:\/\/rnc.rs\/en\/our-services\/\" target=\"_self\"\n\t\t\t\t\t\t\t\tdata-type=\"button\"\n\t\t\t\t\t\t\t\tdata-color=\"rgba(255,255,255,1)\"\n\t\t\t\t\t\t\t\tdata-xy=\"xo:0,30px,30px,30px;yo:410px,409px,390px,250px;\"\n\t\t\t\t\t\t\t\tdata-text=\"s:13,13,11,10;l:18,18,14,14;fw:700,700,700,400;a:inherit;\"\n\t\t\t\t\t\t\t\tdata-rsp_bd=\"off\"\n\t\t\t\t\t\t\t\tdata-padding=\"t:10,10,10,5;r:30,30,22,15;b:10,10,10,5;l:30,30,22,15;\"\n\t\t\t\t\t\t\t\tdata-border=\"bos:solid;boc:rgba(255,255,255,1);bow:1px,1px,1px,1px;\"\n\t\t\t\t\t\t\t\tdata-frame_0=\"y:100px;\"\n\t\t\t\t\t\t\t\tdata-frame_1=\"e:power3.out;st:1200;sp:500;sR:1200;\"\n\t\t\t\t\t\t\t\tdata-frame_999=\"x:-10px;z:0px;o:0;st:7160;sp:800;sR:5460;\"\n\t\t\t\t\t\t\t\tdata-frame_hover=\"c:#222;bgc:#fff;boc:#fff;bor:0px,0px,0px,0px;bos:solid;bow:2px,2px,2px,2px;oX:50;oY:50;sp:0;e:none;\"\n\t\t\t\t\t\t\t\tstyle=\"z-index:7;font-family:'Montserrat';text-transform:uppercase;cursor:pointer;outline:none;box-shadow:none;box-sizing:border-box;-moz-box-sizing:border-box;-webkit-box-sizing:border-box;\"\n\t\t\t\t\t\t\t>Services \n\t\t\t\t\t\t\t<\/a><!--\n-->\t\t\t\t\t\t<\/rs-slide>\n\t\t\t\t\t\t<rs-slide style=\"position: absolute;\" data-key=\"rs-12\" data-title=\"Slide\" data-thumb=\"\/\/rnc.rs\/wp-content\/uploads\/2022\/01\/slide2-100x50.jpg\" data-duration=\"8000ms\" data-in=\"o:0;\" data-out=\"a:false;\">\n\t\t\t\t\t\t\t<img src=\"\/\/rnc.rs\/wp-content\/plugins\/revslider\/public\/assets\/assets\/dummy.png\" alt=\"\" title=\"slide2\" width=\"2000\" height=\"1336\" class=\"rev-slidebg tp-rs-img rs-lazyload\" data-lazyload=\"\/\/rnc.rs\/wp-content\/uploads\/2022\/01\/slide2.jpg\" data-parallax=\"10\" data-no-retina>\n<!--\n\t\t\t\t\t\t\t--><rs-layer\n\t\t\t\t\t\t\t\tid=\"slider-4-slide-12-layer-1\" \n\t\t\t\t\t\t\t\tdata-type=\"text\"\n\t\t\t\t\t\t\t\tdata-color=\"rgba(255,255,255,1)\"\n\t\t\t\t\t\t\t\tdata-rsp_ch=\"on\"\n\t\t\t\t\t\t\t\tdata-xy=\"xo:0,30px,30px,31px;yo:288px,294px,284px,122px;\"\n\t\t\t\t\t\t\t\tdata-text=\"s:47,53,40,25;l:16,18,22,25;fw:700;a:inherit;\"\n\t\t\t\t\t\t\t\tdata-frame_0=\"x:37px,31px,31px,31px;\"\n\t\t\t\t\t\t\t\tdata-frame_1=\"e:power3.out;st:700;sp:1000;sR:700;\"\n\t\t\t\t\t\t\t\tdata-frame_999=\"x:-7px,-5px,-5px,-6px;z:0px;o:0;st:7040;sp:800;sR:5340;\"\n\t\t\t\t\t\t\t\tstyle=\"z-index:8;font-family:'Montserrat';\"\n\t\t\t\t\t\t\t>Beauty Centar VTMN \u2013 Belgrade<span class=\"id-color\">.<\/span> \n\t\t\t\t\t\t\t<\/rs-layer><!--\n\n\t\t\t\t\t\t\t--><rs-layer\n\t\t\t\t\t\t\t\tid=\"slider-4-slide-12-layer-2\" \n\t\t\t\t\t\t\t\tdata-type=\"text\"\n\t\t\t\t\t\t\t\tdata-color=\"rgba(255,255,255,1)\"\n\t\t\t\t\t\t\t\tdata-rsp_ch=\"on\"\n\t\t\t\t\t\t\t\tdata-xy=\"xo:0,30px,30px,30px;yo:329px,331px,320px,149px;\"\n\t\t\t\t\t\t\t\tdata-text=\"w:nowrap,nowrap,nowrap,normal;s:14,14,14,12;l:20,20,20,16;a:inherit;\"\n\t\t\t\t\t\t\t\tdata-dim=\"w:auto,auto,auto,458px;\"\n\t\t\t\t\t\t\t\tdata-frame_0=\"y:100px;\"\n\t\t\t\t\t\t\t\tdata-frame_1=\"e:power3.out;st:1100;sp:500;sR:1100;\"\n\t\t\t\t\t\t\t\tdata-frame_999=\"x:-10px;z:0px;o:0;st:7030;sp:750;sR:5430;\"\n\t\t\t\t\t\t\t\tstyle=\"z-index:9;font-family:'Open Sans';\"\n\t\t\t\t\t\t\t>Check out some of our completed work  \n\t\t\t\t\t\t\t<\/rs-layer><!--\n\n\t\t\t\t\t\t\t--><a\n\t\t\t\t\t\t\t\tid=\"slider-4-slide-12-layer-3\" \n\t\t\t\t\t\t\t\tclass=\"rs-layer letter3 rev-btn\"\n\t\t\t\t\t\t\t\thref=\"https:\/\/rnc.rs\/en\/portfolio\/beauty-centar-vtmn-beograd\/\" target=\"_self\"\n\t\t\t\t\t\t\t\tdata-type=\"button\"\n\t\t\t\t\t\t\t\tdata-color=\"rgba(255,255,255,1)\"\n\t\t\t\t\t\t\t\tdata-xy=\"xo:0,30px,30px,30px;yo:410px,409px,390px,210px;\"\n\t\t\t\t\t\t\t\tdata-text=\"s:13,13,11,10;l:18,18,14,14;fw:700,700,700,400;a:inherit;\"\n\t\t\t\t\t\t\t\tdata-rsp_bd=\"off\"\n\t\t\t\t\t\t\t\tdata-padding=\"t:10,10,10,5;r:30,30,22,15;b:10,10,10,5;l:30,30,22,15;\"\n\t\t\t\t\t\t\t\tdata-border=\"bos:solid;boc:rgba(255,255,255,1);bow:1px,1px,1px,1px;\"\n\t\t\t\t\t\t\t\tdata-frame_0=\"y:100px;\"\n\t\t\t\t\t\t\t\tdata-frame_1=\"e:power3.out;st:1200;sp:500;sR:1200;\"\n\t\t\t\t\t\t\t\tdata-frame_999=\"x:-10px;z:0px;o:0;st:7110;sp:800;sR:5410;\"\n\t\t\t\t\t\t\t\tdata-frame_hover=\"c:#222;bgc:#fff;boc:#fff;bor:0px,0px,0px,0px;bos:solid;bow:2px,2px,2px,2px;oX:50;oY:50;sp:0;e:none;\"\n\t\t\t\t\t\t\t\tstyle=\"z-index:10;font-family:'Montserrat';text-transform:uppercase;cursor:pointer;outline:none;box-shadow:none;box-sizing:border-box;-moz-box-sizing:border-box;-webkit-box-sizing:border-box;\"\n\t\t\t\t\t\t\t>Galery \n\t\t\t\t\t\t\t<\/a><!--\n-->\t\t\t\t\t\t<\/rs-slide>\n\t\t\t\t\t\t<rs-slide style=\"position: absolute;\" data-key=\"rs-10\" data-title=\"Slide\" data-thumb=\"\/\/rnc.rs\/wp-content\/uploads\/2022\/01\/slide1-100x50.jpg\" data-duration=\"8000ms\" data-in=\"o:0;\" data-out=\"a:false;\">\n\t\t\t\t\t\t\t<img src=\"\/\/rnc.rs\/wp-content\/plugins\/revslider\/public\/assets\/assets\/dummy.png\" alt=\"\" title=\"slide1\" width=\"2048\" height=\"1365\" class=\"rev-slidebg tp-rs-img rs-lazyload\" data-lazyload=\"\/\/rnc.rs\/wp-content\/uploads\/2022\/01\/slide1.jpg\" data-parallax=\"10\" data-no-retina>\n<!--\n\t\t\t\t\t\t\t--><rs-layer\n\t\t\t\t\t\t\t\tid=\"slider-4-slide-10-layer-1\" \n\t\t\t\t\t\t\t\tdata-type=\"text\"\n\t\t\t\t\t\t\t\tdata-color=\"rgba(255,255,255,1)\"\n\t\t\t\t\t\t\t\tdata-rsp_ch=\"on\"\n\t\t\t\t\t\t\t\tdata-xy=\"xo:0,30px,30px,31px;yo:234px,224px,237px,91px;\"\n\t\t\t\t\t\t\t\tdata-text=\"s:49,52,40,30;l:47,52,41,30;fw:700;a:inherit;\"\n\t\t\t\t\t\t\t\tdata-frame_0=\"x:39px,25px,25px,25px;\"\n\t\t\t\t\t\t\t\tdata-frame_1=\"e:power3.out;st:700;sp:1000;sR:700;\"\n\t\t\t\t\t\t\t\tdata-frame_999=\"x:-8px,-5px,-5px,-5px;z:0px;o:0;st:5650;sp:2160;sR:3950;\"\n\t\t\t\t\t\t\t\tstyle=\"z-index:5;font-family:'Montserrat';\"\n\t\t\t\t\t\t\t>Business Park  - Korneuburg<br>Austria \n\t\t\t\t\t\t\t<\/rs-layer><!--\n\n\t\t\t\t\t\t\t--><rs-layer\n\t\t\t\t\t\t\t\tid=\"slider-4-slide-10-layer-2\" \n\t\t\t\t\t\t\t\tdata-type=\"text\"\n\t\t\t\t\t\t\t\tdata-color=\"rgba(255,255,255,1)\"\n\t\t\t\t\t\t\t\tdata-rsp_ch=\"on\"\n\t\t\t\t\t\t\t\tdata-xy=\"xo:0,30px,30px,30px;yo:331px,331px,320px,157px;\"\n\t\t\t\t\t\t\t\tdata-text=\"w:nowrap,nowrap,nowrap,normal;s:14,14,14,12;l:20,20,20,16;a:inherit;\"\n\t\t\t\t\t\t\t\tdata-dim=\"w:auto,auto,auto,458px;\"\n\t\t\t\t\t\t\t\tdata-frame_0=\"y:100px;\"\n\t\t\t\t\t\t\t\tdata-frame_1=\"e:power3.out;st:1100;sp:500;sR:1100;\"\n\t\t\t\t\t\t\t\tdata-frame_999=\"x:-10px;z:0px;o:0;st:6240;sp:1590;sR:4640;\"\n\t\t\t\t\t\t\t\tstyle=\"z-index:6;font-family:'Open Sans';\"\n\t\t\t\t\t\t\t>Check out some of our completed work  \n\t\t\t\t\t\t\t<\/rs-layer><!--\n\n\t\t\t\t\t\t\t--><a\n\t\t\t\t\t\t\t\tid=\"slider-4-slide-10-layer-3\" \n\t\t\t\t\t\t\t\tclass=\"rs-layer letter3 rev-btn\"\n\t\t\t\t\t\t\t\thref=\"https:\/\/rnc.rs\/en\/portfolio\/business-park-korneuburg-austria\/\" target=\"_self\"\n\t\t\t\t\t\t\t\tdata-type=\"button\"\n\t\t\t\t\t\t\t\tdata-color=\"rgba(255,255,255,1)\"\n\t\t\t\t\t\t\t\tdata-xy=\"xo:0,30px,30px,30px;yo:410px,409px,390px,217px;\"\n\t\t\t\t\t\t\t\tdata-text=\"s:13,13,11,10;l:18,18,14,14;fw:700,700,700,400;a:inherit;\"\n\t\t\t\t\t\t\t\tdata-rsp_bd=\"off\"\n\t\t\t\t\t\t\t\tdata-padding=\"t:10,10,10,5;r:30,30,22,15;b:10,10,10,5;l:30,30,22,15;\"\n\t\t\t\t\t\t\t\tdata-border=\"bos:solid;boc:rgba(255,255,255,1);bow:1px,1px,1px,1px;\"\n\t\t\t\t\t\t\t\tdata-frame_0=\"y:100px;\"\n\t\t\t\t\t\t\t\tdata-frame_1=\"e:power3.out;st:1200;sp:500;sR:1200;\"\n\t\t\t\t\t\t\t\tdata-frame_999=\"x:-10px;z:0px;o:0;st:4780;sp:3010;sR:3080;\"\n\t\t\t\t\t\t\t\tdata-frame_hover=\"c:#222;bgc:#fff;boc:#fff;bor:0px,0px,0px,0px;bos:solid;bow:2px,2px,2px,2px;oX:50;oY:50;sp:0;e:none;\"\n\t\t\t\t\t\t\t\tstyle=\"z-index:7;font-family:'Montserrat';text-transform:uppercase;cursor:pointer;outline:none;box-shadow:none;box-sizing:border-box;-moz-box-sizing:border-box;-webkit-box-sizing:border-box;\"\n\t\t\t\t\t\t\t>Galery \n\t\t\t\t\t\t\t<\/a><!--\n-->\t\t\t\t\t\t<\/rs-slide>\n\t\t\t\t\t\t<rs-slide style=\"position: absolute;\" data-key=\"rs-26\" data-title=\"Slide\" data-thumb=\"\/\/rnc.rs\/wp-content\/uploads\/2022\/01\/slide3-100x50.jpg\" data-duration=\"9000ms\" data-in=\"o:0;\" data-out=\"a:false;\">\n\t\t\t\t\t\t\t<img src=\"\/\/rnc.rs\/wp-content\/plugins\/revslider\/public\/assets\/assets\/dummy.png\" alt=\"\" title=\"slide3\" width=\"1920\" height=\"1276\" class=\"rev-slidebg tp-rs-img rs-lazyload\" data-lazyload=\"\/\/rnc.rs\/wp-content\/uploads\/2022\/01\/slide3.jpg\" data-parallax=\"10\" data-no-retina>\n<!--\n\t\t\t\t\t\t\t--><rs-layer\n\t\t\t\t\t\t\t\tid=\"slider-4-slide-26-layer-1\" \n\t\t\t\t\t\t\t\tdata-type=\"text\"\n\t\t\t\t\t\t\t\tdata-color=\"rgba(255,255,255,1)\"\n\t\t\t\t\t\t\t\tdata-rsp_ch=\"on\"\n\t\t\t\t\t\t\t\tdata-xy=\"xo:0,30px,30px,31px;yo:240px,205px,220px,77px;\"\n\t\t\t\t\t\t\t\tdata-text=\"s:43,64,40,32;l:42,58,48,32;fw:700;a:inherit;\"\n\t\t\t\t\t\t\t\tdata-frame_0=\"x:32px,32px,32px,33px;\"\n\t\t\t\t\t\t\t\tdata-frame_1=\"e:power3.out;st:700;sp:1000;sR:700;\"\n\t\t\t\t\t\t\t\tdata-frame_999=\"x:-6px;z:0px;o:0;st:7790;sp:950;sR:6090;\"\n\t\t\t\t\t\t\t\tstyle=\"z-index:5;font-family:'Montserrat';\"\n\t\t\t\t\t\t\t>Business space CESTRA\n<br>Belgrade, Serbia \n\t\t\t\t\t\t\t<\/rs-layer><!--\n\n\t\t\t\t\t\t\t--><rs-layer\n\t\t\t\t\t\t\t\tid=\"slider-4-slide-26-layer-2\" \n\t\t\t\t\t\t\t\tdata-type=\"text\"\n\t\t\t\t\t\t\t\tdata-color=\"rgba(255,255,255,1)\"\n\t\t\t\t\t\t\t\tdata-rsp_ch=\"on\"\n\t\t\t\t\t\t\t\tdata-xy=\"xo:0,30px,30px,30px;yo:330px,331px,320px,150px;\"\n\t\t\t\t\t\t\t\tdata-text=\"w:nowrap,nowrap,nowrap,normal;s:14,14,14,12;l:20,20,20,16;a:inherit;\"\n\t\t\t\t\t\t\t\tdata-dim=\"w:auto,auto,auto,458px;\"\n\t\t\t\t\t\t\t\tdata-frame_0=\"y:100px;\"\n\t\t\t\t\t\t\t\tdata-frame_1=\"e:power3.out;st:1100;sp:500;sR:1100;\"\n\t\t\t\t\t\t\t\tdata-frame_999=\"x:-10px;z:0px;o:0;st:7720;sp:930;sR:6120;\"\n\t\t\t\t\t\t\t\tstyle=\"z-index:6;font-family:'Open Sans';\"\n\t\t\t\t\t\t\t>Check out some of our completed work  \n\t\t\t\t\t\t\t<\/rs-layer><!--\n\n\t\t\t\t\t\t\t--><a\n\t\t\t\t\t\t\t\tid=\"slider-4-slide-26-layer-3\" \n\t\t\t\t\t\t\t\tclass=\"rs-layer letter3 rev-btn\"\n\t\t\t\t\t\t\t\thref=\"https:\/\/rnc.rs\/en\/portfolio\/poslovni-prostor-cestra\/\" target=\"_self\"\n\t\t\t\t\t\t\t\tdata-type=\"button\"\n\t\t\t\t\t\t\t\tdata-color=\"rgba(255,255,255,1)\"\n\t\t\t\t\t\t\t\tdata-xy=\"xo:0,30px,30px,30px;yo:410px,409px,390px,210px;\"\n\t\t\t\t\t\t\t\tdata-text=\"s:13,13,11,10;l:18,18,14,14;fw:700,700,700,400;a:inherit;\"\n\t\t\t\t\t\t\t\tdata-rsp_bd=\"off\"\n\t\t\t\t\t\t\t\tdata-padding=\"t:10,10,10,5;r:30,30,22,15;b:10,10,10,5;l:30,30,22,15;\"\n\t\t\t\t\t\t\t\tdata-border=\"bos:solid;boc:rgba(255,255,255,1);bow:1px,1px,1px,1px;\"\n\t\t\t\t\t\t\t\tdata-frame_0=\"y:100px;\"\n\t\t\t\t\t\t\t\tdata-frame_1=\"e:power3.out;st:1200;sp:500;sR:1200;\"\n\t\t\t\t\t\t\t\tdata-frame_999=\"x:-10px;z:0px;o:0;st:8090;sp:800;sR:6390;\"\n\t\t\t\t\t\t\t\tdata-frame_hover=\"c:#222;bgc:#fff;boc:#fff;bor:0px,0px,0px,0px;bos:solid;bow:2px,2px,2px,2px;oX:50;oY:50;sp:0;e:none;\"\n\t\t\t\t\t\t\t\tstyle=\"z-index:7;font-family:'Montserrat';text-transform:uppercase;cursor:pointer;outline:none;box-shadow:none;box-sizing:border-box;-moz-box-sizing:border-box;-webkit-box-sizing:border-box;\"\n\t\t\t\t\t\t\t>Galery \n\t\t\t\t\t\t\t<\/a><!--\n-->\t\t\t\t\t\t<\/rs-slide>\n\t\t\t\t\t<\/rs-slides>\n\t\t\t\t<\/rs-module>\n\t\t\t\t<script>\n\t\t\t\t\tsetREVStartSize({c: 'rev_slider_4_1',rl:[1240,1024,778,480],el:[600,800,900,800],gw:[1140,940,768,480],gh:[600,800,900,800],type:'standard',justify:'',layout:'fullwidth',mh:\"0\"});if (window.RS_MODULES!==undefined && window.RS_MODULES.modules!==undefined && window.RS_MODULES.modules[\"revslider41\"]!==undefined) {window.RS_MODULES.modules[\"revslider41\"].once = false;window.revapi4 = undefined;if (window.RS_MODULES.checkMinimal!==undefined) window.RS_MODULES.checkMinimal()}\n\t\t\t\t<\/script>\n\t\t\t<\/rs-module-wrap>\n\t\t\t<!-- END REVOLUTION SLIDER -->\n<\/div><\/div><\/div><\/div><\/div><div class=\"clearfix\"><\/div><\/section><section class=\"vc_rows wpb_row vc_row-fluid vc_custom_1734605287029 vc_row-has-fill\"><div class=\"container\"><div class=\"row\"><div class=\"wpb_column vc_column_container vc_col-sm-6\"><div class=\"vc_column-inner\"><div class=\"wpb_wrapper\">\n\t<div class=\"wpb_text_column wpb_content_element\" >\n\t\t<div class=\"wpb_wrapper\">\n\t\t\t<h2><span style=\"color: #ffffff;\">ISO Standars <span class=\"tiny-border\">x<\/span><\/span><\/h2>\n\n\t\t<\/div>\n\t<\/div>\n<div class=\"vc_empty_space\"   style=\"height: 32px\"><span class=\"vc_empty_space_inner\"><\/span><\/div>\n<div class=\"vc_grid-container-wrapper vc_clearfix vc_grid-animation-fadeIn\">\n\t<div class=\"vc_grid-container vc_clearfix wpb_content_element vc_media_grid\" data-initial-loading-animation=\"fadeIn\" data-vc-grid-settings=\"{&quot;page_id&quot;:558,&quot;style&quot;:&quot;all&quot;,&quot;action&quot;:&quot;vc_get_vc_grid_data&quot;,&quot;shortcode_id&quot;:&quot;1734606915432-f605f39e-1b1d-6&quot;,&quot;tag&quot;:&quot;vc_media_grid&quot;}\" data-vc-request=\"https:\/\/rnc.rs\/wp-admin\/admin-ajax.php\" data-vc-post-id=\"558\" data-vc-public-nonce=\"c5ba6269e1\">\n\t\t\n\t<\/div>\n<\/div><div class=\"vc_empty_space\"   style=\"height: 32px\"><span class=\"vc_empty_space_inner\"><\/span><\/div><\/div><\/div><\/div><div class=\"wpb_column vc_column_container vc_col-sm-6\"><div class=\"vc_column-inner\"><div class=\"wpb_wrapper\">\n\t<div class=\"wpb_text_column wpb_content_element\" >\n\t\t<div class=\"wpb_wrapper\">\n\t\t\t<h2><span style=\"color: #ffffff;\">Certificate of Credit Excellence <span class=\"tiny-border\">x<\/span><\/span><\/h2>\n\n\t\t<\/div>\n\t<\/div>\n<div class=\"vc_empty_space\"   style=\"height: 32px\"><span class=\"vc_empty_space_inner\"><\/span><\/div>\n<div class=\"vc_grid-container-wrapper vc_clearfix vc_grid-animation-zoomIn\">\n\t<div class=\"vc_grid-container vc_clearfix wpb_content_element vc_masonry_media_grid\" data-initial-loading-animation=\"zoomIn\" data-vc-grid-settings=\"{&quot;page_id&quot;:558,&quot;style&quot;:&quot;all-masonry&quot;,&quot;action&quot;:&quot;vc_get_vc_grid_data&quot;,&quot;shortcode_id&quot;:&quot;1734606915433-52c3f2f1-7ea5-4&quot;,&quot;tag&quot;:&quot;vc_masonry_media_grid&quot;}\" data-vc-request=\"https:\/\/rnc.rs\/wp-admin\/admin-ajax.php\" data-vc-post-id=\"558\" data-vc-public-nonce=\"c5ba6269e1\">\n\t\t\n\t<\/div>\n<\/div><\/div><\/div><\/div><\/div><\/div><div class=\"clearfix\"><\/div><\/section>","protected":false},"excerpt":{"rendered":"Iskustvo i Kvalitet. Zbog velikog iskustva na prethodnim projektima RNC je idealan partner koji po\u0161tuje terminski plan. Usluge Beauty Centar VTMN \u2013 Beograd. Pogledajte neke od na\u0161ih izvedenih radova Galerija Business Park - KorneuburgAustria Pogledajte neke od na\u0161ih izvedenih radova Galerija Poslovni prostor CESTRA Beograd Pogledajte neke od na\u0161ih izvedenih radova Galerija ISO Standardi x [...]","protected":false},"author":1,"featured_media":0,"parent":0,"menu_order":0,"comment_status":"closed","ping_status":"closed","template":"page-templates\/template-canvas.php","meta":[],"_links":{"self":[{"href":"https:\/\/rnc.rs\/en\/wp-json\/wp\/v2\/pages\/558"}],"collection":[{"href":"https:\/\/rnc.rs\/en\/wp-json\/wp\/v2\/pages"}],"about":[{"href":"https:\/\/rnc.rs\/en\/wp-json\/wp\/v2\/types\/page"}],"author":[{"embeddable":true,"href":"https:\/\/rnc.rs\/en\/wp-json\/wp\/v2\/users\/1"}],"replies":[{"embeddable":true,"href":"https:\/\/rnc.rs\/en\/wp-json\/wp\/v2\/comments?post=558"}],"version-history":[{"count":87,"href":"https:\/\/rnc.rs\/en\/wp-json\/wp\/v2\/pages\/558\/revisions"}],"predecessor-version":[{"id":1640,"href":"https:\/\/rnc.rs\/en\/wp-json\/wp\/v2\/pages\/558\/revisions\/1640"}],"wp:attachment":[{"href":"https:\/\/rnc.rs\/en\/wp-json\/wp\/v2\/media?parent=558"}],"curies":[{"name":"wp","href":"https:\/\/api.w.org\/{rel}","templated":true}]}}