{"id":309,"date":"2016-12-09T07:34:03","date_gmt":"2016-12-09T07:34:03","guid":{"rendered":"http:\/\/localhost\/buildpro\/?page_id=309"},"modified":"2022-02-04T12:36:02","modified_gmt":"2022-02-04T12:36:02","slug":"about-us","status":"publish","type":"page","link":"https:\/\/rnc.rs\/en\/about-us\/","title":{"rendered":"About Us"},"content":{"rendered":"<section data-stellar-background-ratio=\".2\" class=\"vc_rows wpb_row vc_row-fluid vc_custom_1643242074306 vc_row-has-fill parallax\"><div class=\"container\"><div class=\"row\"><div class=\"wpb_column vc_column_container vc_col-sm-6\"><div class=\"vc_column-inner\"><div class=\"wpb_wrapper\"><div class=\"vc_empty_space\"   style=\"height: 62px\"><span class=\"vc_empty_space_inner\"><\/span><\/div><h2 style=\"color: #ffffff;text-align: left\" class=\"vc_custom_heading vc_custom_1643108305295\" >About Us<\/h2><p style=\"color: #f7f7f7;text-align: left\" class=\"vc_custom_heading vc_custom_1643978158524\" >RNC d.o.o. is a dynamic and ambitious construction company with headquarters in\nBelgrade. The founder and director of the company is Aleksandar Radojevi\u0107, a Master in Civil Engineering and holder of licenses for designing and performance of building structures and construction crafts on high-rise buildings with vast practical experience.<\/p><p style=\"color: #f7f7f7;text-align: left\" class=\"vc_custom_heading vc_custom_1643108811169\" >The vast experience gained on previous projects is what makes RNC an ideal partner that keeps to a schedule, performs the work diligently, does the entire organization and submits all necessary documents correctly and on time. \nWe are reliable, meticulous and exact and as such have become a desirable contractor with recommendations from previous clients. We know and understand what our clients need, which is exactly what we aim to provide. \nWe are conscientious, fair and well-organized. Although we often dirty our hands working on construction sites, our integrity remains spotless.<\/p><\/div><\/div><\/div><div class=\"wpb_column vc_column_container vc_col-sm-6\"><div class=\"vc_column-inner\"><div class=\"wpb_wrapper\"><div class=\"vc_empty_space\"   style=\"height: 62px\"><span class=\"vc_empty_space_inner\"><\/span><\/div><div class=\"vc_empty_space\"   style=\"height: 32px\"><span class=\"vc_empty_space_inner\"><\/span><\/div>\t<figure class=\"pic-hover hover-scale\">\n        <span class=\"center-xy\">\n            <a class=\"image-popup\" href=\"https:\/\/rnc.rs\/wp-content\/uploads\/2016\/12\/pic_2-10.jpg\">\n                <i class=\"fa fa-image btn-action btn-action-hide\"><\/i>\n            <\/a>\n        <\/span>\n        <span class=\"bg-overlay\"><\/span>\n        <img src=\"https:\/\/rnc.rs\/wp-content\/uploads\/2016\/12\/pic_2-10.jpg\" class=\"img-responsive\" alt=\"\">\n    <\/figure>\n\n<div class=\"vc_separator wpb_content_element vc_separator_align_center vc_sep_width_100 vc_sep_pos_align_center vc_separator_no_text vc_sep_color_grey\" ><span class=\"vc_sep_holder vc_sep_holder_l\"><span  class=\"vc_sep_line\"><\/span><\/span><span class=\"vc_sep_holder vc_sep_holder_r\"><span  class=\"vc_sep_line\"><\/span><\/span>\n<\/div><\/div><\/div><\/div><\/div><\/div><div class=\"clearfix\"><\/div><\/section><section data-stellar-background-ratio=\".2\" class=\"vc_rows wpb_row vc_row-fluid vc_custom_1643246997381 vc_row-has-fill parallax\"><div class=\"container\"><div class=\"row\"><div class=\"wpb_column vc_column_container vc_col-sm-12\"><div class=\"vc_column-inner\"><div class=\"wpb_wrapper\">\n\t<div class=\"wpb_text_column wpb_content_element  vc_custom_1643242209337\" >\n\t\t<div class=\"wpb_wrapper\">\n\t\t\t<h2><span style=\"color: #ffffff;\">Why choose Us? <span class=\"tiny-border\">x<\/span><\/span><\/h2>\n\n\t\t<\/div>\n\t<\/div>\n<\/div><\/div><\/div><div class=\"wpb_column vc_column_container vc_col-sm-12 vc_col-md-4\"><div class=\"vc_column-inner\"><div class=\"wpb_wrapper\">\n\t\t<div class=\"feature-box-small-icon text-light\">\n        <span class=\"icon\">\n        \t<i class=\"icon_box-checked id-color\"><\/i>\n        <\/span>\n        <div class=\"text\">\n            <h3>Turnkey<\/h3>\n            We provide performance of all work on construction of houses, smaller or bigger residential and office buildings. We guarantee a high quality of services, and the work is always performed in agreement with the client.        <\/div>\n    <\/div>\n    \n<div class=\"vc_empty_space\"   style=\"height: 30px\"><span class=\"vc_empty_space_inner\"><\/span><\/div>\n\t\t<div class=\"feature-box-small-icon text-light\">\n        <span class=\"icon\">\n        \t<i class=\"icon_box-checked id-color\"><\/i>\n        <\/span>\n        <div class=\"text\">\n            <h3>With you from foundation to roof<\/h3>\n            Our motto \u201cWith you from foundation to roof\u201d is not just well said, but the exact service we strive to provide for you: to assist you from the beginning until the end of a construction project.        <\/div>\n    <\/div>\n    \n<\/div><\/div><\/div><div class=\"wpb_column vc_column_container vc_col-sm-12 vc_col-md-4\"><div class=\"vc_column-inner\"><div class=\"wpb_wrapper\">\n\t\t<div class=\"feature-box-small-icon text-light\">\n        <span class=\"icon\">\n        \t<i class=\"icon_box-checked id-color\"><\/i>\n        <\/span>\n        <div class=\"text\">\n            <h3>Performance of construction work<\/h3>\n            We perform reinforced concrete, carpentry and masonry work, including fa\u00e7ade work. We perform work as both subcontractors on large projects and as main contractors.        <\/div>\n    <\/div>\n    \n<div class=\"vc_empty_space\"   style=\"height: 30px\"><span class=\"vc_empty_space_inner\"><\/span><\/div>\n\t\t<div class=\"feature-box-small-icon text-light\">\n        <span class=\"icon\">\n        \t<i class=\"icon_box-checked id-color\"><\/i>\n        <\/span>\n        <div class=\"text\">\n            <h3>Team work<\/h3>\n            Our construction experts have years of experience in their respective fields of work. Therefore, we are fully prepared to take on full responsibility when it comes to any construction project. Our goal is to complete every project adhering to the highest standards, meeting set deadlines, and optimizing the planned budget. We invest into learning new techniques and we are constantly searching for new construction materials.        <\/div>\n    <\/div>\n    \n<\/div><\/div><\/div><div class=\"wpb_column vc_column_container vc_col-sm-12 vc_col-md-4\"><div class=\"vc_column-inner\"><div class=\"wpb_wrapper\">\n\t\t<div class=\"feature-box-small-icon text-light\">\n        <span class=\"icon\">\n        \t<i class=\"icon_box-checked id-color\"><\/i>\n        <\/span>\n        <div class=\"text\">\n            <h3>Performance of craft work<\/h3>\n            We perform plasterboard, painting and flooring work. We also provide plumbing services. Other craft and installation work is performed together with trusted partners.        <\/div>\n    <\/div>\n    \n<div class=\"vc_empty_space\"   style=\"height: 30px\"><span class=\"vc_empty_space_inner\"><\/span><\/div><\/div><\/div><\/div><\/div><\/div><div class=\"clearfix\"><\/div><\/section>","protected":false},"excerpt":{"rendered":"O namaRNC d.o.o. je energi\u010dna i ambiciozna gra\u0111evinska firma sa sedi\u0161tem u Beogradu. Osniva\u010d i direktor firme Aleksandar Radojevi\u0107 je master in\u017eenjer gra\u0111evinarstva i nosilac licenci za projektovanje i izvo\u0111enje gra\u0111evinskih konstrukcija i gra\u0111evinsko-zanatskih radova na objektima visokogradnje sa ogromnim iskustvom u praksi.Zbog velikog iskustva na prethodnim projektima, RNC je idealan partner koji po\u0161tuje terminski [...]","protected":false},"author":1,"featured_media":0,"parent":0,"menu_order":0,"comment_status":"closed","ping_status":"closed","template":"page-templates\/template-canvas.php","meta":[],"_links":{"self":[{"href":"https:\/\/rnc.rs\/en\/wp-json\/wp\/v2\/pages\/309"}],"collection":[{"href":"https:\/\/rnc.rs\/en\/wp-json\/wp\/v2\/pages"}],"about":[{"href":"https:\/\/rnc.rs\/en\/wp-json\/wp\/v2\/types\/page"}],"author":[{"embeddable":true,"href":"https:\/\/rnc.rs\/en\/wp-json\/wp\/v2\/users\/1"}],"replies":[{"embeddable":true,"href":"https:\/\/rnc.rs\/en\/wp-json\/wp\/v2\/comments?post=309"}],"version-history":[{"count":34,"href":"https:\/\/rnc.rs\/en\/wp-json\/wp\/v2\/pages\/309\/revisions"}],"predecessor-version":[{"id":1598,"href":"https:\/\/rnc.rs\/en\/wp-json\/wp\/v2\/pages\/309\/revisions\/1598"}],"wp:attachment":[{"href":"https:\/\/rnc.rs\/en\/wp-json\/wp\/v2\/media?parent=309"}],"curies":[{"name":"wp","href":"https:\/\/api.w.org\/{rel}","templated":true}]}}