{"id":265,"date":"2016-12-08T09:12:02","date_gmt":"2016-12-08T09:12:02","guid":{"rendered":"http:\/\/localhost\/buildpro\/?page_id=265"},"modified":"2022-01-27T14:21:18","modified_gmt":"2022-01-27T14:21:18","slug":"our-services","status":"publish","type":"page","link":"https:\/\/rnc.rs\/en\/our-services\/","title":{"rendered":"Services"},"content":{"rendered":"<section class=\"vc_rows wpb_row vc_row-fluid vc_custom_1643238619303 vc_row-has-fill\"><div class=\"container\"><div class=\"row\"><div class=\"wpb_column vc_column_container vc_col-sm-12\"><div class=\"vc_column-inner\"><div class=\"wpb_wrapper\"><p style=\"font-size: 17px;color: #ffffff;line-height: 1.5;text-align: left\" class=\"vc_custom_heading\" >We are an exceptionally well referenced company in both domestic and regional markets and with pride we can offer you the following services:<\/p><\/div><\/div><\/div><\/div><\/div><div class=\"clearfix\"><\/div><\/section><section class=\"vc_rows wpb_row vc_row-fluid bg-color vc_custom_1643238608850\"><div class=\"container\"><div class=\"row\"><div class=\"wpb_column vc_column_container vc_col-sm-6\"><div class=\"vc_column-inner\"><div class=\"wpb_wrapper\"><p style=\"font-size: 16px;color: #000000;text-align: left\" class=\"vc_custom_heading\" ><i class=\"fas fa-arrow-right\"><\/i> Performing concrete and reinforced concrete work<\/p><\/div><\/div><\/div><div class=\"wpb_column vc_column_container vc_col-sm-6\"><div class=\"vc_column-inner\"><div class=\"wpb_wrapper\"><p style=\"font-size: 16px;color: #000000;text-align: left\" class=\"vc_custom_heading\" ><i class=\"fas fa-arrow-right\"><\/i> Performing dry assembly and painting work<\/p><\/div><\/div><\/div><\/div><\/div><div class=\"clearfix\"><\/div><\/section><section class=\"vc_rows wpb_row vc_row-fluid bg-color vc_custom_1643236951470\"><div class=\"container\"><div class=\"row\"><div class=\"wpb_column vc_column_container vc_col-sm-6\"><div class=\"vc_column-inner\"><div class=\"wpb_wrapper\"><p style=\"font-size: 16px;color: #000000;text-align: left\" class=\"vc_custom_heading\" ><i class=\"fas fa-arrow-right\"><\/i> Performing masonry and fa\u00e7ade work<\/p><\/div><\/div><\/div><div class=\"wpb_column vc_column_container vc_col-sm-6\"><div class=\"vc_column-inner\"><div class=\"wpb_wrapper\"><p style=\"font-size: 16px;color: #000000;text-align: left\" class=\"vc_custom_heading\" ><i class=\"fas fa-arrow-right\"><\/i> Performing flooring, ceramic and joinery work<\/p><\/div><\/div><\/div><\/div><\/div><div class=\"clearfix\"><\/div><\/section><section class=\"vc_rows wpb_row vc_row-fluid bg-color vc_custom_1643236951470\"><div class=\"container\"><div class=\"row\"><div class=\"wpb_column vc_column_container vc_col-sm-6\"><div class=\"vc_column-inner\"><div class=\"wpb_wrapper\"><p style=\"font-size: 16px;color: #000000;text-align: left\" class=\"vc_custom_heading\" ><i class=\"fas fa-arrow-right\"><\/i> Performing carpentry, roofing and scaffolding work<\/p><\/div><\/div><\/div><div class=\"wpb_column vc_column_container vc_col-sm-6\"><div class=\"vc_column-inner\"><div class=\"wpb_wrapper\"><p style=\"font-size: 16px;color: #000000;text-align: left\" class=\"vc_custom_heading\" ><i class=\"fas fa-arrow-right\"><\/i> Enterior design<\/p><\/div><\/div><\/div><\/div><\/div><div class=\"clearfix\"><\/div><\/section><section class=\"vc_rows wpb_row vc_row-fluid bg-color vc_custom_1643236951470\"><div class=\"container\"><div class=\"row\"><div class=\"wpb_column vc_column_container vc_col-sm-6\"><div class=\"vc_column-inner\"><div class=\"wpb_wrapper\"><p style=\"font-size: 16px;color: #000000;text-align: left\" class=\"vc_custom_heading\" ><i class=\"fas fa-arrow-right\"><\/i> Project management<\/p><\/div><\/div><\/div><div class=\"wpb_column vc_column_container vc_col-sm-6\"><div class=\"vc_column-inner\"><div class=\"wpb_wrapper\"><p style=\"font-size: 16px;color: #000000;text-align: left\" class=\"vc_custom_heading\" ><i class=\"fas fa-arrow-right\"><\/i> Expert supervision at all phases of work performance<\/p><\/div><\/div><\/div><\/div><\/div><div class=\"clearfix\"><\/div><\/section><section class=\"vc_rows wpb_row vc_row-fluid bg-color vc_custom_1643238598718\"><div class=\"container\"><div class=\"row\"><div class=\"wpb_column vc_column_container vc_col-sm-6\"><div class=\"vc_column-inner\"><div class=\"wpb_wrapper\"><p style=\"font-size: 16px;color: #000000;text-align: left\" class=\"vc_custom_heading\" ><i class=\"fas fa-arrow-right\"><\/i> Coordination of work safety<\/p><\/div><\/div><\/div><div class=\"wpb_column vc_column_container vc_col-sm-6\"><div class=\"vc_column-inner\"><div class=\"wpb_wrapper\"><\/div><\/div><\/div><\/div><\/div><div class=\"clearfix\"><\/div><\/section><section data-stellar-background-ratio=\".2\" class=\"vc_rows wpb_row vc_row-fluid vc_custom_1643239548893 vc_row-has-fill parallax\"><div class=\"container\"><div class=\"row\"><div class=\"wpb_column vc_column_container vc_col-sm-12\"><div class=\"vc_column-inner\"><div class=\"wpb_wrapper\">\n\t<div class=\"wpb_text_column wpb_content_element  vc_custom_1643242209337\" >\n\t\t<div class=\"wpb_wrapper\">\n\t\t\t<h2><span style=\"color: #ffffff;\">Why choose Us? <span class=\"tiny-border\">x<\/span><\/span><\/h2>\n\n\t\t<\/div>\n\t<\/div>\n<\/div><\/div><\/div><div class=\"wpb_column vc_column_container vc_col-sm-12 vc_col-md-4\"><div class=\"vc_column-inner\"><div class=\"wpb_wrapper\">\n\t\t<div class=\"feature-box-small-icon text-light\">\n        <span class=\"icon\">\n        \t<i class=\"icon_box-checked id-color\"><\/i>\n        <\/span>\n        <div class=\"text\">\n            <h3>Turnkey<\/h3>\n            We provide performance of all work on construction of houses, smaller or bigger residential and office buildings. We guarantee a high quality of services, and the work is always performed in agreement with the client.        <\/div>\n    <\/div>\n    \n<div class=\"vc_empty_space\"   style=\"height: 30px\"><span class=\"vc_empty_space_inner\"><\/span><\/div>\n\t\t<div class=\"feature-box-small-icon text-light\">\n        <span class=\"icon\">\n        \t<i class=\"icon_box-checked id-color\"><\/i>\n        <\/span>\n        <div class=\"text\">\n            <h3>With you from foundation to roof<\/h3>\n            Our motto \u201cWith you from foundation to roof\u201d is not just well said, but the exact service we strive to provide for you: to assist you from the beginning until the end of a construction project.        <\/div>\n    <\/div>\n    \n<\/div><\/div><\/div><div class=\"wpb_column vc_column_container vc_col-sm-12 vc_col-md-4\"><div class=\"vc_column-inner\"><div class=\"wpb_wrapper\">\n\t\t<div class=\"feature-box-small-icon text-light\">\n        <span class=\"icon\">\n        \t<i class=\"icon_box-checked id-color\"><\/i>\n        <\/span>\n        <div class=\"text\">\n            <h3>Performance of construction work<\/h3>\n            We perform reinforced concrete, carpentry and masonry work, including fa\u00e7ade work. We perform work as both subcontractors on large projects and as main contractors.        <\/div>\n    <\/div>\n    \n<div class=\"vc_empty_space\"   style=\"height: 30px\"><span class=\"vc_empty_space_inner\"><\/span><\/div>\n\t\t<div class=\"feature-box-small-icon text-light\">\n        <span class=\"icon\">\n        \t<i class=\"icon_box-checked id-color\"><\/i>\n        <\/span>\n        <div class=\"text\">\n            <h3>Team work<\/h3>\n            Our construction experts have years of experience in their respective fields of work. Therefore, we are fully prepared to take on full responsibility when it comes to any construction project. Our goal is to complete every project adhering to the highest standards, meeting set deadlines, and optimizing the planned budget. We invest into learning new techniques and we are constantly searching for new construction materials.        <\/div>\n    <\/div>\n    \n<\/div><\/div><\/div><div class=\"wpb_column vc_column_container vc_col-sm-12 vc_col-md-4\"><div class=\"vc_column-inner\"><div class=\"wpb_wrapper\">\n\t\t<div class=\"feature-box-small-icon text-light\">\n        <span class=\"icon\">\n        \t<i class=\"icon_box-checked id-color\"><\/i>\n        <\/span>\n        <div class=\"text\">\n            <h3>Performance of craft work<\/h3>\n            We perform plasterboard, painting and flooring work. We also provide plumbing services. Other craft and installation work is performed together with trusted partners.        <\/div>\n    <\/div>\n    \n<div class=\"vc_empty_space\"   style=\"height: 30px\"><span class=\"vc_empty_space_inner\"><\/span><\/div><\/div><\/div><\/div><\/div><\/div><div class=\"clearfix\"><\/div><\/section><section data-stellar-background-ratio=\".2\" class=\"vc_rows wpb_row vc_row-fluid vc_custom_1643224845766 parallax\"><div class=\"container\"><div class=\"row\"><div class=\"wpb_column vc_column_container vc_col-sm-12\"><div class=\"vc_column-inner vc_custom_1643233872734\"><div class=\"wpb_wrapper\">\n\t<div class=\"wpb_text_column wpb_content_element\" >\n\t\t<div class=\"wpb_wrapper\">\n\t\t\t<h2 class=\"mb20\">Construction process can have 4 or more phases:<\/h2>\n<p>Sometimes beginning construction can be hard, because there are a lot of factors to be considered in the entire process. We are here for you \u2026 you\u2019re not alone.<\/p>\n\n\t\t<\/div>\n\t<\/div>\n<\/div><\/div><\/div><div class=\"wpb_column vc_column_container vc_col-sm-6\"><div class=\"vc_column-inner vc_custom_1643240687543\"><div class=\"wpb_wrapper\">\n\t    <div class=\"feature-box-small-icon\">\n        <div class=\"inner\">\n            <span class=\"number\">1<\/span>\n            <div class=\"text\">\n                <h3>PLANNING<\/h3>\n                The process of constructing a new building, renovating an apartment or any sort of construction at all begins with planning. There are a lot of details to be taken care of before beginning the process of designing and construction can begin. Unlike other construction companies, we will guide you through the construction regulations and applying for planning and we will be there to answer you any question that you might have on you journey to complete the construction.            <\/div>\n        <\/div>\n    <\/div>\t\n    \n<\/div><\/div><\/div><div class=\"wpb_column vc_column_container vc_col-sm-6\"><div class=\"vc_column-inner vc_custom_1643240646034\"><div class=\"wpb_wrapper\">\n\t    <div class=\"feature-box-small-icon\">\n        <div class=\"inner\">\n            <span class=\"number\">2<\/span>\n            <div class=\"text\">\n                <h3>DESIGNING AND 3D VISUALIZATION<\/h3>\n                Construction company RNC d.o.o. collaborates with some of the best architects in Serbia. We can provide you with detailed structural designs and 3D visualizations of facilities in accordance with the construction regulations. In case you already hired an architect on your project, and need a construction company to perform the work, we can complete the construction that is completely in accordance with the plans and specifications that you already have.            <\/div>\n        <\/div>\n    <\/div>\t\n    \n<\/div><\/div><\/div><\/div><\/div><div class=\"clearfix\"><\/div><\/section><section data-stellar-background-ratio=\".2\" class=\"vc_rows wpb_row vc_row-fluid vc_custom_1643224836684 vc_row-o-content-middle vc_row-flex parallax\"><div class=\"container\"><div class=\"row\"><div class=\"wpb_column vc_column_container vc_col-sm-6\"><div class=\"vc_column-inner vc_custom_1643233880321\"><div class=\"wpb_wrapper\">\n\t    <div class=\"feature-box-small-icon\">\n        <div class=\"inner\">\n            <span class=\"number\">3<\/span>\n            <div class=\"text\">\n                <h3>CONSTRUCTION<\/h3>\n                Construction process begins with the preparation of the site and demolition of the old facility if necessary. After that, the foundation is laid. That is when the actual construction begins. At the end of this phase, we lay down plumbing and electrical installations. Our construction company adheres to strict safety regulations and high standards of construction at any step of the process.            <\/div>\n        <\/div>\n    <\/div>\t\n    \n<\/div><\/div><\/div><div class=\"wpb_column vc_column_container vc_col-sm-6\"><div class=\"vc_column-inner vc_custom_1643234034741\"><div class=\"wpb_wrapper\">\n\t    <div class=\"feature-box-small-icon\">\n        <div class=\"inner\">\n            <span class=\"number\">4<\/span>\n            <div class=\"text\">\n                <h3>FINISHING WORK<\/h3>\n                Towards the end of the project, we agree with you on colors, tiles, floors, interior decoration, etc. because this is the part of construction process that turns your facility into a desirable living space or for some other functional purpose. Regardless of your taste \u2013 contemporary or traditional \u2013 you wish that your space would reflect exactly what and how you wish it to be, all of course in accordance with architectural and construction regulations. We can offer you a solution that will certainly satisfy you. After finishing work, we will provide you with gas and electrical safety certificates and other necessary documents.            <\/div>\n        <\/div>\n    <\/div>\t\n    \n<\/div><\/div><\/div><\/div><\/div><div class=\"clearfix\"><\/div><\/section><section data-stellar-background-ratio=\".2\" class=\"vc_rows wpb_row vc_row-fluid vc_custom_1643240140285 vc_row-has-fill vc_row-o-equal-height vc_row-o-content-middle vc_row-flex parallax\"><div class=\"container\"><div class=\"row\"><div class=\"text-light wpb_column vc_column_container vc_col-sm-12 vc_col-md-6\"><div class=\"vc_column-inner\"><div class=\"wpb_wrapper\">\n\t<div class=\"wpb_text_column wpb_content_element  vc_custom_1643211385684\" >\n\t\t<div class=\"wpb_wrapper\">\n\t\t\t<h2><span style=\"color: #ffffff;\">Demolish and rebuild or expand and renew <span class=\"tiny-border\">x<\/span><\/span><\/h2>\n\n\t\t<\/div>\n\t<\/div>\n\n\t<div class=\"testimonial-list wow fadeIn text-light\" data-wow-delay=\".25s\">\n\t\t        <div class=\"testi-item\">\n        \tPerhaps your family grew and you discovered that two bedrooms are not enough. Or perhaps you\u2019ve just bought or inherited a family house that is in urgent need of renovation. Your business requires building a new office space or you wish to invest in wine production and you need to construct a new winery?\t\t\t<span><\/span>\n        <\/div>\n                <div class=\"testi-item\">\n        \tFirst you wanted to hire the local repairmen to replaster the walls, create new floors and install a new kitchen and a bathroom, but now you are asking yourself whether it is better to hire a construction company and start from the scratch. So, when is it better to expand and renew, and when is it better to demolish the old structure and build a new facility? We state below some steps in the decision-making process that should be considered before beginning a new project.\t\t\t<span><\/span>\n        <\/div>\n            <\/div>\n\n<\/div><\/div><\/div><div class=\"wpb_column vc_column_container vc_col-sm-12 vc_col-md-6\"><div class=\"vc_column-inner\"><div class=\"wpb_wrapper\">\t<figure class=\"pic-hover hover-scale\">\n        <span class=\"center-xy\">\n            <a class=\"image-popup\" href=\"https:\/\/rnc.rs\/wp-content\/uploads\/2016\/12\/pic_9-1.jpg\">\n                <i class=\"fa fa-image btn-action btn-action-hide\"><\/i>\n            <\/a>\n        <\/span>\n        <span class=\"bg-overlay\"><\/span>\n        <img src=\"https:\/\/rnc.rs\/wp-content\/uploads\/2016\/12\/pic_9-1.jpg\" class=\"img-responsive\" alt=\"\">\n    <\/figure>\n\n<\/div><\/div><\/div><\/div><\/div><div class=\"clearfix\"><\/div><\/section><section class=\"vc_rows wpb_row vc_row-fluid\"><div class=\"container\"><div class=\"row\"><div class=\"wpb_column vc_column_container vc_col-sm-12\"><div class=\"vc_column-inner\"><div class=\"wpb_wrapper\">\n\t<div class=\"wpb_text_column wpb_content_element  vc_custom_1643242219576\" >\n\t\t<div class=\"wpb_wrapper\">\n\t\t\t<h2>What should you consider before beginning a new project? <span class=\"tiny-border\">x<\/span><\/h2>\n\n\t\t<\/div>\n\t<\/div>\n<\/div><\/div><\/div><div class=\"wpb_column vc_column_container vc_col-sm-3\"><div class=\"vc_column-inner\"><div class=\"wpb_wrapper\">\n\t<figure class=\"pic-hover hover-scale\">\n        <span class=\"center-xy\">\n        \t            <a class=\"image-popup\" href=\"\">\n                <i class=\"fa fa-image btn-action btn-action-hide\"><\/i>\n            <\/a>\n                    <\/span>\n        <span class=\"bg-overlay\"><\/span>        <img src=\"\" class=\"img-responsive\" alt=\"\">\n    <\/figure>\n\n    <h3 class=\"\">Planning and permits<\/h3>\n    <p>\n        Expansions and additions usually do not require planning, except if they surpass a certain size. New facility will certainly require you to secure a lot more documents, even to perhaps adjust your plans. Key factors are the type and location of the facility.  For example, interventions on town or terraced houses are much more difficult, and would require you to seek the assistance of a civil engineer and a lawyer in order to be certain that the work you plant to do is safe and lawful.\t<br>\n\t\t    <\/p>\n    \t\n<\/div><\/div><\/div><div class=\"wpb_column vc_column_container vc_col-sm-3\"><div class=\"vc_column-inner\"><div class=\"wpb_wrapper\">\n\t<figure class=\"pic-hover hover-scale\">\n        <span class=\"center-xy\">\n        \t            <a class=\"image-popup\" href=\"\">\n                <i class=\"fa fa-image btn-action btn-action-hide\"><\/i>\n            <\/a>\n                    <\/span>\n        <span class=\"bg-overlay\"><\/span>        <img src=\"\" class=\"img-responsive\" alt=\"\">\n    <\/figure>\n\n    <h3 class=\"\">Size of the project<\/h3>\n    <p>\n        If you wish to add on one bedroom or an open space kitchen with an elegant kitchen island for your home, a good solution would be to use the attic or to expand the house (or a combination of the two). However, if you wish to turn a bungalow with two bedrooms into a villa with six bedrooms, it will be easier and probably more efficient and inexpensive to demolish and rebuild.\t<br>\n\t\t    <\/p>\n    \t\n<\/div><\/div><\/div><div class=\"wpb_column vc_column_container vc_col-sm-3\"><div class=\"vc_column-inner\"><div class=\"wpb_wrapper\">\n\t<figure class=\"pic-hover hover-scale\">\n        <span class=\"center-xy\">\n        \t            <a class=\"image-popup\" href=\"\">\n                <i class=\"fa fa-image btn-action btn-action-hide\"><\/i>\n            <\/a>\n                    <\/span>\n        <span class=\"bg-overlay\"><\/span>        <img src=\"\" class=\"img-responsive\" alt=\"\">\n    <\/figure>\n\n    <h3 class=\"\">Condition of the existing facility<\/h3>\n    <p>\n        If the structural quality of the existing facility is quite poor, then rebuilding is probably more reasonable than a large-scale renovation or expansion. On the other hand, if foundational structure is solid (healthy) and the changes you wish to make are superficial, renovation could be the best solution.\t<br>\n\t\t    <\/p>\n    \t\n<\/div><\/div><\/div><div class=\"wpb_column vc_column_container vc_col-sm-3\"><div class=\"vc_column-inner\"><div class=\"wpb_wrapper\">\n\t<figure class=\"pic-hover hover-scale\">\n        <span class=\"center-xy\">\n        \t            <a class=\"image-popup\" href=\"\">\n                <i class=\"fa fa-image btn-action btn-action-hide\"><\/i>\n            <\/a>\n                    <\/span>\n        <span class=\"bg-overlay\"><\/span>        <img src=\"\" class=\"img-responsive\" alt=\"\">\n    <\/figure>\n\n    <h3 class=\"\">Practicality and logistics<\/h3>\n    <p>\n        If internal construction work is performed, you can stay in your home. Our company for designing and construction always makes sure that your home should remain safe while we work on it. However, during rebuilding you must relocate for the duration of the entire project that may last from several months to a year, depending on the size and complexity of the project.\t<br>\n\t\t    <\/p>\n    \t\n<\/div><\/div><\/div><\/div><\/div><div class=\"clearfix\"><\/div><\/section>","protected":false},"excerpt":{"rendered":"Mi smo gra\u0111evinska kompanija izuzetno referentna na doma\u0107em i regionalnom tr\u017ei\u0161tu i sa ponosom mo\u017eemo ponuditi usluge: Izvo\u0111enja betonskih i armira\u010dko-betonskih radova Izvo\u0111enja zidarskih i fasaderskih radova Izvo\u0111enja tesarskih, krovopokriva\u010dkih i skelarskih radova Izvo\u0111enja podopolaga\u010dkih, kerami\u010darskih i stolarskih radova Izvo\u0111enja suvomonta\u017enih i molerskih radova Projektovanja enterijera Vo\u0111enje projekata Stru\u010dni nadzor u svim fazama izvo\u0111enja radova [...]","protected":false},"author":1,"featured_media":0,"parent":0,"menu_order":0,"comment_status":"closed","ping_status":"closed","template":"page-templates\/template-fullwidth.php","meta":[],"_links":{"self":[{"href":"https:\/\/rnc.rs\/en\/wp-json\/wp\/v2\/pages\/265"}],"collection":[{"href":"https:\/\/rnc.rs\/en\/wp-json\/wp\/v2\/pages"}],"about":[{"href":"https:\/\/rnc.rs\/en\/wp-json\/wp\/v2\/types\/page"}],"author":[{"embeddable":true,"href":"https:\/\/rnc.rs\/en\/wp-json\/wp\/v2\/users\/1"}],"replies":[{"embeddable":true,"href":"https:\/\/rnc.rs\/en\/wp-json\/wp\/v2\/comments?post=265"}],"version-history":[{"count":104,"href":"https:\/\/rnc.rs\/en\/wp-json\/wp\/v2\/pages\/265\/revisions"}],"predecessor-version":[{"id":1581,"href":"https:\/\/rnc.rs\/en\/wp-json\/wp\/v2\/pages\/265\/revisions\/1581"}],"wp:attachment":[{"href":"https:\/\/rnc.rs\/en\/wp-json\/wp\/v2\/media?parent=265"}],"curies":[{"name":"wp","href":"https:\/\/api.w.org\/{rel}","templated":true}]}}