{"id":200,"date":"2016-12-06T07:58:36","date_gmt":"2016-12-06T07:58:36","guid":{"rendered":"http:\/\/localhost\/buildpro\/?page_id=200"},"modified":"2022-01-27T01:43:38","modified_gmt":"2022-01-27T01:43:38","slug":"gallery-4-columns","status":"publish","type":"page","link":"https:\/\/rnc.rs\/en\/gallery-4-columns\/","title":{"rendered":"References"},"content":{"rendered":"<section class=\"vc_rows wpb_row vc_row-fluid vc_custom_1481011115060\"><div class=\"container\"><div class=\"row\"><div class=\"wpb_column vc_column_container vc_col-sm-12\"><div class=\"vc_column-inner\"><div class=\"wpb_wrapper\">\n\t\t<div class=\"container project-filter\">\n\n        <!-- portfolio filter begin -->\n        <div class=\"row\">\n        \t            <div class=\"col-md-12 text-center\">\n                <ul id=\"filters\">\n                    <li><a href=\"#\" data-filter=\"*\" class=\"selected\">All Projects<\/a><\/li>\n                \t\t\t\t      \t<li><a href=\"#\" data-filter=\".konstrukcije\">Constructions<\/a><\/li>\n\t\t\t    \t\t\t\t      \t<li><a href=\"#\" data-filter=\".poslovni_prostori\">Business spaces<\/a><\/li>\n\t\t\t    \t                <\/ul>\n            <\/div>\n                    <\/div>\n        <!-- portfolio filter close -->\n\n    <\/div>\n    \n\t<div id=\"gallery\" class=\"gallery full-gallery de-gallery pf_full_width pf_2_cols gallery_border\">\n\n                <div class=\"item poslovni_prostori\">\n            <div class=\"picframe\">\n            \t                <a href=\"https:\/\/rnc.rs\/en\/portfolio\/air-srbija\/\">\n                                    <span class=\"overlay\">\n                        <span class=\"pf_text\">\n                            <span class=\"project-name\">AIR SERBIA \u2013 premium Lounge, Belegrade<\/span>\n                        <\/span>\n                    <\/span>\n                <\/a>\n                <img src=\"https:\/\/rnc.rs\/wp-content\/uploads\/2016\/12\/Air-Serbia-Premium-Class-Lounge-Review-14.jpg\" alt=\"\" \/>\n            <\/div>\n        <\/div>\n                <div class=\"item konstrukcije\">\n            <div class=\"picframe\">\n            \t                <a href=\"https:\/\/rnc.rs\/en\/portfolio\/airport-city\/\">\n                                    <span class=\"overlay\">\n                        <span class=\"pf_text\">\n                            <span class=\"project-name\">AIRPORT CITY, Belgrade<\/span>\n                        <\/span>\n                    <\/span>\n                <\/a>\n                <img src=\"https:\/\/rnc.rs\/wp-content\/uploads\/2016\/12\/airport-city-objekat-2100-novi-beograd-srbija-2.jpg\" alt=\"\" \/>\n            <\/div>\n        <\/div>\n                <div class=\"item poslovni_prostori\">\n            <div class=\"picframe\">\n            \t                <a href=\"https:\/\/rnc.rs\/en\/portfolio\/beauty-centar-vtmn-beograd\/\">\n                                    <span class=\"overlay\">\n                        <span class=\"pf_text\">\n                            <span class=\"project-name\">Beauty Centar VTMN \u2013 Belgrade<\/span>\n                        <\/span>\n                    <\/span>\n                <\/a>\n                <img src=\"https:\/\/rnc.rs\/wp-content\/uploads\/2016\/12\/VTMN-salon-full-res-preview-10-2.jpg\" alt=\"\" \/>\n            <\/div>\n        <\/div>\n                <div class=\"item poslovni_prostori\">\n            <div class=\"picframe\">\n            \t                <a href=\"https:\/\/rnc.rs\/en\/portfolio\/business-park-korneuburg-austria\/\">\n                                    <span class=\"overlay\">\n                        <span class=\"pf_text\">\n                            <span class=\"project-name\">Business Park  &#8211; Korneuburg, Austria<\/span>\n                        <\/span>\n                    <\/span>\n                <\/a>\n                <img src=\"https:\/\/rnc.rs\/wp-content\/uploads\/2016\/12\/tempos-k01-office-tomorrow-34.jpg\" alt=\"\" \/>\n            <\/div>\n        <\/div>\n                <div class=\"item konstrukcije\">\n            <div class=\"picframe\">\n            \t                <a href=\"https:\/\/rnc.rs\/en\/portfolio\/construction-works-ulaanbaatar\/\">\n                                    <span class=\"overlay\">\n                        <span class=\"pf_text\">\n                            <span class=\"project-name\">Construction Works &#8211; Ulaanbaatar, Mongolia<\/span>\n                        <\/span>\n                    <\/span>\n                <\/a>\n                <img src=\"https:\/\/rnc.rs\/wp-content\/uploads\/2016\/12\/IMG_6896.jpg\" alt=\"\" \/>\n            <\/div>\n        <\/div>\n                <div class=\"item poslovni_prostori\">\n            <div class=\"picframe\">\n            \t                <a href=\"https:\/\/rnc.rs\/en\/portfolio\/poslovni-prostor-cestra\/\">\n                                    <span class=\"overlay\">\n                        <span class=\"pf_text\">\n                            <span class=\"project-name\">Business space CESTRA \u2013 Belgrade<\/span>\n                        <\/span>\n                    <\/span>\n                <\/a>\n                <img src=\"https:\/\/rnc.rs\/wp-content\/uploads\/2016\/12\/AVV_7344.jpg\" alt=\"\" \/>\n            <\/div>\n        <\/div>\n                <div class=\"item poslovni_prostori\">\n            <div class=\"picframe\">\n            \t                <a href=\"https:\/\/rnc.rs\/en\/portfolio\/poslovni-prostor-tetrastar-beograd\/\">\n                                    <span class=\"overlay\">\n                        <span class=\"pf_text\">\n                            <span class=\"project-name\">Business space TETRASTAR - Belgrade<\/span>\n                        <\/span>\n                    <\/span>\n                <\/a>\n                <img src=\"https:\/\/rnc.rs\/wp-content\/uploads\/2016\/12\/IMG_1004.jpg\" alt=\"\" \/>\n            <\/div>\n        <\/div>\n                <div class=\"item konstrukcije\">\n            <div class=\"picframe\">\n            \t                <a href=\"https:\/\/rnc.rs\/en\/portfolio\/vinarija-matijasevic\/\">\n                                    <span class=\"overlay\">\n                        <span class=\"pf_text\">\n                            <span class=\"project-name\">Matijasevic Winery, Arandjelovac, Serbia<\/span>\n                        <\/span>\n                    <\/span>\n                <\/a>\n                <img src=\"https:\/\/rnc.rs\/wp-content\/uploads\/2016\/12\/20.jpg\" alt=\"\" \/>\n            <\/div>\n        <\/div>\n                <div class=\"item konstrukcije\">\n            <div class=\"picframe\">\n            \t                <a href=\"https:\/\/rnc.rs\/en\/portfolio\/vinarija-savic-topola\/\">\n                                    <span class=\"overlay\">\n                        <span class=\"pf_text\">\n                            <span class=\"project-name\">Savic Winery - Topola, Serbia<\/span>\n                        <\/span>\n                    <\/span>\n                <\/a>\n                <img src=\"https:\/\/rnc.rs\/wp-content\/uploads\/2016\/12\/IMG_4784.jpg\" alt=\"\" \/>\n            <\/div>\n        <\/div>\n        \n    <\/div>\n\n        <style type=\"text\/css\">\n\t    .pf_full_width.gallery_border .picframe,\n\t    .gallery_border{\n\t    \tmargin: 5px;\n\t    }\n\t    .gallery_border{\n\t    \tmargin-top: -5px;\n\t    }\n\t    .container .gallery_border{\n\t    \tmargin-left: -5px;;\n\t    \tmargin-right: -5px;;\n\t    }\n    <\/style>\n    \n<\/div><\/div><\/div><\/div><\/div><div class=\"clearfix\"><\/div><\/section>","protected":false},"excerpt":{"rendered":"Detalji Projektax Klijent:Vinarija Savi\u0107 DOO Lokacija:Selo Lipovac, op\u0161tina Topola Godina Izgradnje:2022 Kategorija:Izgradnja Objekta Vinarija Savi\u0107, Topola Izvo\u0111enje objekta od po\u010detka do kraja: zemljani radovi, betonski radovi, armira\u010dki radovi, radovi na izradi elektro instalacija niske i jake struje, instalacija vodovoda i kanalizacije, instalacije grejanja i hla\u0111enja, zidarski radovi, gipsarski radovi, molerski radovi, podopolaga\u010dki radovi, stolarki radovi, [...]","protected":false},"author":1,"featured_media":0,"parent":0,"menu_order":0,"comment_status":"closed","ping_status":"closed","template":"page-templates\/template-fullwidth.php","meta":[],"_links":{"self":[{"href":"https:\/\/rnc.rs\/en\/wp-json\/wp\/v2\/pages\/200"}],"collection":[{"href":"https:\/\/rnc.rs\/en\/wp-json\/wp\/v2\/pages"}],"about":[{"href":"https:\/\/rnc.rs\/en\/wp-json\/wp\/v2\/types\/page"}],"author":[{"embeddable":true,"href":"https:\/\/rnc.rs\/en\/wp-json\/wp\/v2\/users\/1"}],"replies":[{"embeddable":true,"href":"https:\/\/rnc.rs\/en\/wp-json\/wp\/v2\/comments?post=200"}],"version-history":[{"count":9,"href":"https:\/\/rnc.rs\/en\/wp-json\/wp\/v2\/pages\/200\/revisions"}],"predecessor-version":[{"id":1529,"href":"https:\/\/rnc.rs\/en\/wp-json\/wp\/v2\/pages\/200\/revisions\/1529"}],"wp:attachment":[{"href":"https:\/\/rnc.rs\/en\/wp-json\/wp\/v2\/media?parent=200"}],"curies":[{"name":"wp","href":"https:\/\/api.w.org\/{rel}","templated":true}]}}